{"id":1128,"date":"2024-06-28T09:05:13","date_gmt":"2024-06-28T09:05:13","guid":{"rendered":"https:\/\/staging.h2o-hospitality.com\/sobre-nosotros\/"},"modified":"2025-08-05T13:19:06","modified_gmt":"2025-08-05T13:19:06","slug":"sobre-nosotros","status":"publish","type":"page","link":"https:\/\/www.h2o-hospitality.com\/es\/sobre-nosotros\/","title":{"rendered":"Sobre Nosotros"},"content":{"rendered":"\t\t<div data-elementor-type=\"wp-page\" data-elementor-id=\"1128\" class=\"elementor elementor-1128 elementor-607\">\n\t\t\t\t\t\t<section class=\"elementor-section elementor-top-section elementor-element elementor-element-0cc6e34 elementor-section-stretched elementor-section-boxed elementor-section-height-default elementor-section-height-default\" data-id=\"0cc6e34\" data-element_type=\"section\" data-settings=\"{&quot;stretch_section&quot;:&quot;section-stretched&quot;,&quot;background_background&quot;:&quot;classic&quot;}\">\n\t\t\t\t\t\t<div class=\"elementor-container elementor-column-gap-wider\">\n\t\t\t\t\t<div class=\"elementor-column elementor-col-100 elementor-top-column elementor-element elementor-element-363372f\" data-id=\"363372f\" data-element_type=\"column\">\n\t\t\t<div class=\"elementor-widget-wrap elementor-element-populated\">\n\t\t\t\t\t\t<section class=\"elementor-section elementor-inner-section elementor-element elementor-element-05f7297 elementor-section-boxed elementor-section-height-default elementor-section-height-default\" data-id=\"05f7297\" data-element_type=\"section\">\n\t\t\t\t\t\t<div class=\"elementor-container elementor-column-gap-default\">\n\t\t\t\t\t<div class=\"elementor-column elementor-col-100 elementor-inner-column elementor-element elementor-element-4302071\" data-id=\"4302071\" data-element_type=\"column\">\n\t\t\t<div class=\"elementor-widget-wrap elementor-element-populated\">\n\t\t\t\t\t\t<div class=\"elementor-element elementor-element-242c3cb elementor-widget elementor-widget-text-editor\" data-id=\"242c3cb\" data-element_type=\"widget\" data-widget_type=\"text-editor.default\">\n\t\t\t\t<div class=\"elementor-widget-container\">\n\t\t\t<style>\/*! elementor - v3.23.0 - 15-07-2024 *\/\n.elementor-widget-text-editor.elementor-drop-cap-view-stacked .elementor-drop-cap{background-color:#69727d;color:#fff}.elementor-widget-text-editor.elementor-drop-cap-view-framed .elementor-drop-cap{color:#69727d;border:3px solid;background-color:transparent}.elementor-widget-text-editor:not(.elementor-drop-cap-view-default) .elementor-drop-cap{margin-top:8px}.elementor-widget-text-editor:not(.elementor-drop-cap-view-default) .elementor-drop-cap-letter{width:1em;height:1em}.elementor-widget-text-editor .elementor-drop-cap{float:left;text-align:center;line-height:1;font-size:50px}.elementor-widget-text-editor .elementor-drop-cap-letter{display:inline-block}<\/style>\t\t\t\t<h1><span style=\"color: #ffffff;\">Sobre Nosotros<\/span><\/h1>\t\t\t\t\t\t<\/div>\n\t\t\t\t<\/div>\n\t\t\t\t\t<\/div>\n\t\t<\/div>\n\t\t\t\t\t<\/div>\n\t\t<\/section>\n\t\t\t\t\t<\/div>\n\t\t<\/div>\n\t\t\t\t\t<\/div>\n\t\t<\/section>\n\t\t\t\t<section class=\"elementor-section elementor-top-section elementor-element elementor-element-591bd16 elementor-section-stretched elementor-section-boxed elementor-section-height-default elementor-section-height-default\" data-id=\"591bd16\" data-element_type=\"section\" data-settings=\"{&quot;stretch_section&quot;:&quot;section-stretched&quot;,&quot;background_background&quot;:&quot;classic&quot;}\">\n\t\t\t\t\t\t<div class=\"elementor-container elementor-column-gap-wider\">\n\t\t\t\t\t<div class=\"elementor-column elementor-col-100 elementor-top-column elementor-element elementor-element-3aee116\" data-id=\"3aee116\" data-element_type=\"column\">\n\t\t\t<div class=\"elementor-widget-wrap elementor-element-populated\">\n\t\t\t\t\t\t<section class=\"elementor-section elementor-inner-section elementor-element elementor-element-46a5204 elementor-section-boxed elementor-section-height-default elementor-section-height-default\" data-id=\"46a5204\" data-element_type=\"section\">\n\t\t\t\t\t\t<div class=\"elementor-container elementor-column-gap-default\">\n\t\t\t\t\t<div class=\"elementor-column elementor-col-100 elementor-inner-column elementor-element elementor-element-96712fd\" data-id=\"96712fd\" data-element_type=\"column\">\n\t\t\t<div class=\"elementor-widget-wrap elementor-element-populated\">\n\t\t\t\t\t\t<div class=\"elementor-element elementor-element-8f36fc3 elementor-widget elementor-widget-text-editor\" data-id=\"8f36fc3\" data-element_type=\"widget\" data-widget_type=\"text-editor.default\">\n\t\t\t\t<div class=\"elementor-widget-container\">\n\t\t\t\t\t\t\t<p>ACERCA DE H2O HOSPITALITY<\/p>\t\t\t\t\t\t<\/div>\n\t\t\t\t<\/div>\n\t\t\t\t<div class=\"elementor-element elementor-element-436cb87 elementor-widget elementor-widget-text-editor\" data-id=\"436cb87\" data-element_type=\"widget\" data-widget_type=\"text-editor.default\">\n\t\t\t\t<div class=\"elementor-widget-container\">\n\t\t\t\t\t\t\t<p>Fundada en Barcelona, H2O Global Hospitality est\u00e1 especializada en el alquiler de apartamentos a corto y medio plazo. Desde nuestra fundaci\u00f3n en 2014, hemos perseguido constantemente la excelencia.<\/p><p>Nuestro principal objetivo es priorizar la satisfacci\u00f3n del cliente manteniendo los m\u00e1s altos est\u00e1ndares de calidad de producto y servicio.<\/p>\t\t\t\t\t\t<\/div>\n\t\t\t\t<\/div>\n\t\t\t\t\t<\/div>\n\t\t<\/div>\n\t\t\t\t\t<\/div>\n\t\t<\/section>\n\t\t\t\t\t<\/div>\n\t\t<\/div>\n\t\t\t\t\t<\/div>\n\t\t<\/section>\n\t\t\t\t<section class=\"elementor-section elementor-top-section elementor-element elementor-element-0af58aa elementor-section-stretched elementor-section-boxed elementor-section-height-default elementor-section-height-default\" data-id=\"0af58aa\" data-element_type=\"section\" data-settings=\"{&quot;stretch_section&quot;:&quot;section-stretched&quot;,&quot;background_background&quot;:&quot;classic&quot;}\">\n\t\t\t\t\t\t<div class=\"elementor-container elementor-column-gap-wider\">\n\t\t\t\t\t<div class=\"elementor-column elementor-col-100 elementor-top-column elementor-element elementor-element-8bcdc28\" data-id=\"8bcdc28\" data-element_type=\"column\">\n\t\t\t<div class=\"elementor-widget-wrap elementor-element-populated\">\n\t\t\t\t\t\t<section class=\"elementor-section elementor-inner-section elementor-element elementor-element-cf81abd elementor-section-boxed elementor-section-height-default elementor-section-height-default\" data-id=\"cf81abd\" data-element_type=\"section\">\n\t\t\t\t\t\t<div class=\"elementor-container elementor-column-gap-default\">\n\t\t\t\t\t<div class=\"elementor-column elementor-col-100 elementor-inner-column elementor-element elementor-element-fcfc96a\" data-id=\"fcfc96a\" data-element_type=\"column\">\n\t\t\t<div class=\"elementor-widget-wrap elementor-element-populated\">\n\t\t\t\t\t\t<div class=\"elementor-element elementor-element-4a5e1ad elementor-widget elementor-widget-spacer\" data-id=\"4a5e1ad\" data-element_type=\"widget\" data-widget_type=\"spacer.default\">\n\t\t\t\t<div class=\"elementor-widget-container\">\n\t\t\t<style>\/*! elementor - v3.23.0 - 15-07-2024 *\/\n.elementor-column .elementor-spacer-inner{height:var(--spacer-size)}.e-con{--container-widget-width:100%}.e-con-inner>.elementor-widget-spacer,.e-con>.elementor-widget-spacer{width:var(--container-widget-width,var(--spacer-size));--align-self:var(--container-widget-align-self,initial);--flex-shrink:0}.e-con-inner>.elementor-widget-spacer>.elementor-widget-container,.e-con>.elementor-widget-spacer>.elementor-widget-container{height:100%;width:100%}.e-con-inner>.elementor-widget-spacer>.elementor-widget-container>.elementor-spacer,.e-con>.elementor-widget-spacer>.elementor-widget-container>.elementor-spacer{height:100%}.e-con-inner>.elementor-widget-spacer>.elementor-widget-container>.elementor-spacer>.elementor-spacer-inner,.e-con>.elementor-widget-spacer>.elementor-widget-container>.elementor-spacer>.elementor-spacer-inner{height:var(--container-widget-height,var(--spacer-size))}.e-con-inner>.elementor-widget-spacer.elementor-widget-empty,.e-con>.elementor-widget-spacer.elementor-widget-empty{position:relative;min-height:22px;min-width:22px}.e-con-inner>.elementor-widget-spacer.elementor-widget-empty .elementor-widget-empty-icon,.e-con>.elementor-widget-spacer.elementor-widget-empty .elementor-widget-empty-icon{position:absolute;top:0;bottom:0;left:0;right:0;margin:auto;padding:0;width:22px;height:22px}<\/style>\t\t<div class=\"elementor-spacer\">\n\t\t\t<div class=\"elementor-spacer-inner\"><\/div>\n\t\t<\/div>\n\t\t\t\t<\/div>\n\t\t\t\t<\/div>\n\t\t\t\t\t<\/div>\n\t\t<\/div>\n\t\t\t\t\t<\/div>\n\t\t<\/section>\n\t\t\t\t\t<\/div>\n\t\t<\/div>\n\t\t\t\t\t<\/div>\n\t\t<\/section>\n\t\t\t\t<section class=\"elementor-section elementor-top-section elementor-element elementor-element-d0f6aa5 elementor-section-stretched elementor-section-boxed elementor-section-height-default elementor-section-height-default\" data-id=\"d0f6aa5\" data-element_type=\"section\" data-settings=\"{&quot;stretch_section&quot;:&quot;section-stretched&quot;}\">\n\t\t\t\t\t\t<div class=\"elementor-container elementor-column-gap-wider\">\n\t\t\t\t\t<div class=\"elementor-column elementor-col-100 elementor-top-column elementor-element elementor-element-d2c7934\" data-id=\"d2c7934\" data-element_type=\"column\">\n\t\t\t<div class=\"elementor-widget-wrap elementor-element-populated\">\n\t\t\t\t\t\t<section class=\"elementor-section elementor-inner-section elementor-element elementor-element-4af57b1 elementor-section-boxed elementor-section-height-default elementor-section-height-default\" data-id=\"4af57b1\" data-element_type=\"section\">\n\t\t\t\t\t\t<div class=\"elementor-container elementor-column-gap-default\">\n\t\t\t\t\t<div class=\"elementor-column elementor-col-100 elementor-inner-column elementor-element elementor-element-4d1d8dd\" data-id=\"4d1d8dd\" data-element_type=\"column\">\n\t\t\t<div class=\"elementor-widget-wrap elementor-element-populated\">\n\t\t\t\t\t\t<div class=\"elementor-element elementor-element-4c1e714 elementor-widget elementor-widget-text-editor\" data-id=\"4c1e714\" data-element_type=\"widget\" data-widget_type=\"text-editor.default\">\n\t\t\t\t<div class=\"elementor-widget-container\">\n\t\t\t\t\t\t\t<p>MISI\u00d3N<\/p>\t\t\t\t\t\t<\/div>\n\t\t\t\t<\/div>\n\t\t\t\t<div class=\"elementor-element elementor-element-4ba82c4 elementor-widget elementor-widget-text-editor\" data-id=\"4ba82c4\" data-element_type=\"widget\" data-widget_type=\"text-editor.default\">\n\t\t\t\t<div class=\"elementor-widget-container\">\n\t\t\t\t\t\t\t<p>En el centro de nuestra misi\u00f3n se encuentra el compromiso con la excelencia en todos los aspectos, lo que garantiza hu\u00e9spedes encantados y propietarios satisfechos. Nos especializamos en transformar alojamientos en experiencias inolvidables, dejando una huella duradera en cada visitante que recibimos.<\/p>\t\t\t\t\t\t<\/div>\n\t\t\t\t<\/div>\n\t\t\t\t\t<\/div>\n\t\t<\/div>\n\t\t\t\t\t<\/div>\n\t\t<\/section>\n\t\t\t\t<section class=\"elementor-section elementor-inner-section elementor-element elementor-element-0df39de elementor-section-boxed elementor-section-height-default elementor-section-height-default\" data-id=\"0df39de\" data-element_type=\"section\" data-settings=\"{&quot;background_background&quot;:&quot;classic&quot;}\">\n\t\t\t\t\t\t<div class=\"elementor-container elementor-column-gap-default\">\n\t\t\t\t\t<div class=\"elementor-column elementor-col-100 elementor-inner-column elementor-element elementor-element-fd4803f\" data-id=\"fd4803f\" data-element_type=\"column\">\n\t\t\t<div class=\"elementor-widget-wrap elementor-element-populated\">\n\t\t\t\t\t\t<div class=\"elementor-element elementor-element-950342c elementor-widget elementor-widget-text-editor\" data-id=\"950342c\" data-element_type=\"widget\" data-widget_type=\"text-editor.default\">\n\t\t\t\t<div class=\"elementor-widget-container\">\n\t\t\t\t\t\t\t<p>VISI\u00d3N<\/p>\t\t\t\t\t\t<\/div>\n\t\t\t\t<\/div>\n\t\t\t\t<div class=\"elementor-element elementor-element-2f98274 elementor-widget elementor-widget-text-editor\" data-id=\"2f98274\" data-element_type=\"widget\" data-widget_type=\"text-editor.default\">\n\t\t\t\t<div class=\"elementor-widget-container\">\n\t\t\t\t\t\t\t<p>Dedicados a proporcionar una atenci\u00f3n excepcional a nuestros hu\u00e9spedes, nuestra misi\u00f3n es crear experiencias inolvidables y ofrecer un servicio inigualable a los propietarios. Nuestro objetivo es ampliar nuestro alcance, extender nuestra pasi\u00f3n a nuevos destinos e invitar a m\u00e1s hu\u00e9spedes a unirse a nosotros en este extraordinario viaje.<\/p>\t\t\t\t\t\t<\/div>\n\t\t\t\t<\/div>\n\t\t\t\t\t<\/div>\n\t\t<\/div>\n\t\t\t\t\t<\/div>\n\t\t<\/section>\n\t\t\t\t<section class=\"elementor-section elementor-inner-section elementor-element elementor-element-c42d30f elementor-section-boxed elementor-section-height-default elementor-section-height-default\" data-id=\"c42d30f\" data-element_type=\"section\">\n\t\t\t\t\t\t<div class=\"elementor-container elementor-column-gap-default\">\n\t\t\t\t\t<div class=\"elementor-column elementor-col-100 elementor-inner-column elementor-element elementor-element-4a79e74\" data-id=\"4a79e74\" data-element_type=\"column\">\n\t\t\t<div class=\"elementor-widget-wrap elementor-element-populated\">\n\t\t\t\t\t\t<div class=\"elementor-element elementor-element-eeea00c elementor-widget elementor-widget-text-editor\" data-id=\"eeea00c\" data-element_type=\"widget\" data-widget_type=\"text-editor.default\">\n\t\t\t\t<div class=\"elementor-widget-container\">\n\t\t\t\t\t\t\t<p>CON\u00d3CENOS<\/p>\t\t\t\t\t\t<\/div>\n\t\t\t\t<\/div>\n\t\t\t\t<div class=\"elementor-element elementor-element-389d61f elementor-widget elementor-widget-text-editor\" data-id=\"389d61f\" data-element_type=\"widget\" data-widget_type=\"text-editor.default\">\n\t\t\t\t<div class=\"elementor-widget-container\">\n\t\t\t\t\t\t\t<p>Un gran trabajo requiere un gran equipo, y creemos que el nuestro es uno de los mejores. Detr\u00e1s de un buen negocio hay siempre un equipo que trabaja duro para conseguir los objetivos. Disfrutamos con lo que hacemos y con nuestro trabajo en equipo. Nuestro esp\u00edritu de equipo, nuestra experiencia y nuestra perspectiva del sector nos ayudan a ofrecer un servicio excepcional.<\/p>\t\t\t\t\t\t<\/div>\n\t\t\t\t<\/div>\n\t\t\t\t\t<\/div>\n\t\t<\/div>\n\t\t\t\t\t<\/div>\n\t\t<\/section>\n\t\t\t\t\t<\/div>\n\t\t<\/div>\n\t\t\t\t\t<\/div>\n\t\t<\/section>\n\t\t\t\t<section class=\"elementor-section elementor-top-section elementor-element elementor-element-d4d3740 elementor-section-stretched elementor-section-boxed elementor-section-height-default elementor-section-height-default\" data-id=\"d4d3740\" data-element_type=\"section\" data-settings=\"{&quot;stretch_section&quot;:&quot;section-stretched&quot;,&quot;background_background&quot;:&quot;classic&quot;}\">\n\t\t\t\t\t\t<div class=\"elementor-container elementor-column-gap-wider\">\n\t\t\t\t\t<div class=\"elementor-column elementor-col-100 elementor-top-column elementor-element elementor-element-7b76702\" data-id=\"7b76702\" data-element_type=\"column\">\n\t\t\t<div class=\"elementor-widget-wrap elementor-element-populated\">\n\t\t\t\t\t\t<section class=\"elementor-section elementor-inner-section elementor-element elementor-element-eb2d448 elementor-section-boxed elementor-section-height-default elementor-section-height-default\" data-id=\"eb2d448\" data-element_type=\"section\">\n\t\t\t\t\t\t<div class=\"elementor-container elementor-column-gap-default\">\n\t\t\t\t\t<div class=\"elementor-column elementor-col-100 elementor-inner-column elementor-element elementor-element-1f34391\" data-id=\"1f34391\" data-element_type=\"column\">\n\t\t\t<div class=\"elementor-widget-wrap elementor-element-populated\">\n\t\t\t\t\t\t<div class=\"elementor-element elementor-element-5969755 elementor-widget elementor-widget-spacer\" data-id=\"5969755\" data-element_type=\"widget\" data-widget_type=\"spacer.default\">\n\t\t\t\t<div class=\"elementor-widget-container\">\n\t\t\t\t\t<div class=\"elementor-spacer\">\n\t\t\t<div class=\"elementor-spacer-inner\"><\/div>\n\t\t<\/div>\n\t\t\t\t<\/div>\n\t\t\t\t<\/div>\n\t\t\t\t\t<\/div>\n\t\t<\/div>\n\t\t\t\t\t<\/div>\n\t\t<\/section>\n\t\t\t\t\t<\/div>\n\t\t<\/div>\n\t\t\t\t\t<\/div>\n\t\t<\/section>\n\t\t\t\t<\/div>\n\t\t","protected":false},"excerpt":{"rendered":"<p>Sobre Nosotros ACERCA DE H2O HOSPITALITY Fundada en Barcelona, H2O Global Hospitality est\u00e1 especializada en el alquiler de apartamentos a corto y medio plazo. Desde nuestra<span class=\"excerpt-hellip\"> [\u2026]<\/span><\/p>\n","protected":false},"author":2,"featured_media":0,"parent":0,"menu_order":0,"comment_status":"closed","ping_status":"closed","template":"","meta":{"footnotes":""},"class_list":["post-1128","page","type-page","status-publish","hentry"],"yoast_head":"<!-- This site is optimized with the Yoast SEO plugin v25.0 - https:\/\/yoast.com\/wordpress\/plugins\/seo\/ -->\n<title>Sobre H2O Hospitality | Expertos en alquiler tur\u00edstico<\/title>\n<meta name=\"description\" content=\"Conoce a H2O Hospitality: especialistas en alquiler de apartamentos tur\u00edsticos con enfoque en servicio, comodidad y rendimiento.\" \/>\n<meta name=\"robots\" content=\"index, follow, max-snippet:-1, max-image-preview:large, max-video-preview:-1\" \/>\n<link rel=\"canonical\" href=\"https:\/\/www.h2o-hospitality.com\/es\/sobre-nosotros\/\" \/>\n<meta property=\"og:locale\" content=\"es_ES\" \/>\n<meta property=\"og:type\" content=\"article\" \/>\n<meta property=\"og:title\" content=\"Sobre H2O Hospitality | Expertos en alquiler tur\u00edstico\" \/>\n<meta property=\"og:description\" content=\"Conoce a H2O Hospitality: especialistas en alquiler de apartamentos tur\u00edsticos con enfoque en servicio, comodidad y rendimiento.\" \/>\n<meta property=\"og:url\" content=\"https:\/\/www.h2o-hospitality.com\/es\/sobre-nosotros\/\" \/>\n<meta property=\"og:site_name\" content=\"H2O Hospitality\" \/>\n<meta property=\"article:modified_time\" content=\"2025-08-05T13:19:06+00:00\" \/>\n<meta name=\"twitter:card\" content=\"summary_large_image\" \/>\n<meta name=\"twitter:label1\" content=\"Tiempo de lectura\" \/>\n\t<meta name=\"twitter:data1\" content=\"1 minuto\" \/>\n<script type=\"application\/ld+json\" class=\"yoast-schema-graph\">{\"@context\":\"https:\/\/schema.org\",\"@graph\":[{\"@type\":\"WebPage\",\"@id\":\"https:\/\/www.h2o-hospitality.com\/es\/sobre-nosotros\/\",\"url\":\"https:\/\/www.h2o-hospitality.com\/es\/sobre-nosotros\/\",\"name\":\"Sobre H2O Hospitality | Expertos en alquiler tur\u00edstico\",\"isPartOf\":{\"@id\":\"https:\/\/www.h2o-hospitality.com\/#website\"},\"datePublished\":\"2024-06-28T09:05:13+00:00\",\"dateModified\":\"2025-08-05T13:19:06+00:00\",\"description\":\"Conoce a H2O Hospitality: especialistas en alquiler de apartamentos tur\u00edsticos con enfoque en servicio, comodidad y rendimiento.\",\"breadcrumb\":{\"@id\":\"https:\/\/www.h2o-hospitality.com\/es\/sobre-nosotros\/#breadcrumb\"},\"inLanguage\":\"es\",\"potentialAction\":[{\"@type\":\"ReadAction\",\"target\":[\"https:\/\/www.h2o-hospitality.com\/es\/sobre-nosotros\/\"]}]},{\"@type\":\"BreadcrumbList\",\"@id\":\"https:\/\/www.h2o-hospitality.com\/es\/sobre-nosotros\/#breadcrumb\",\"itemListElement\":[{\"@type\":\"ListItem\",\"position\":1,\"name\":\"Home\",\"item\":\"https:\/\/www.h2o-hospitality.com\/es\/\"},{\"@type\":\"ListItem\",\"position\":2,\"name\":\"Sobre Nosotros\"}]},{\"@type\":\"WebSite\",\"@id\":\"https:\/\/www.h2o-hospitality.com\/#website\",\"url\":\"https:\/\/www.h2o-hospitality.com\/\",\"name\":\"H2O Hospitality\",\"description\":\"Group Travel Done Right\",\"publisher\":{\"@id\":\"https:\/\/www.h2o-hospitality.com\/#organization\"},\"potentialAction\":[{\"@type\":\"SearchAction\",\"target\":{\"@type\":\"EntryPoint\",\"urlTemplate\":\"https:\/\/www.h2o-hospitality.com\/?s={search_term_string}\"},\"query-input\":{\"@type\":\"PropertyValueSpecification\",\"valueRequired\":true,\"valueName\":\"search_term_string\"}}],\"inLanguage\":\"es\"},{\"@type\":\"Organization\",\"@id\":\"https:\/\/www.h2o-hospitality.com\/#organization\",\"name\":\"H2O Hospitality\",\"url\":\"https:\/\/www.h2o-hospitality.com\/\",\"logo\":{\"@type\":\"ImageObject\",\"inLanguage\":\"es\",\"@id\":\"https:\/\/www.h2o-hospitality.com\/#\/schema\/logo\/image\/\",\"url\":\"https:\/\/www.h2o-hospitality.com\/wp-content\/uploads\/2024\/06\/cropped-H20_logo.png\",\"contentUrl\":\"https:\/\/www.h2o-hospitality.com\/wp-content\/uploads\/2024\/06\/cropped-H20_logo.png\",\"width\":391,\"height\":166,\"caption\":\"H2O Hospitality\"},\"image\":{\"@id\":\"https:\/\/www.h2o-hospitality.com\/#\/schema\/logo\/image\/\"}}]}<\/script>\n<!-- \/ Yoast SEO plugin. -->","yoast_head_json":{"title":"Sobre H2O Hospitality | Expertos en alquiler tur\u00edstico","description":"Conoce a H2O Hospitality: especialistas en alquiler de apartamentos tur\u00edsticos con enfoque en servicio, comodidad y rendimiento.","robots":{"index":"index","follow":"follow","max-snippet":"max-snippet:-1","max-image-preview":"max-image-preview:large","max-video-preview":"max-video-preview:-1"},"canonical":"https:\/\/www.h2o-hospitality.com\/es\/sobre-nosotros\/","og_locale":"es_ES","og_type":"article","og_title":"Sobre H2O Hospitality | Expertos en alquiler tur\u00edstico","og_description":"Conoce a H2O Hospitality: especialistas en alquiler de apartamentos tur\u00edsticos con enfoque en servicio, comodidad y rendimiento.","og_url":"https:\/\/www.h2o-hospitality.com\/es\/sobre-nosotros\/","og_site_name":"H2O Hospitality","article_modified_time":"2025-08-05T13:19:06+00:00","twitter_card":"summary_large_image","twitter_misc":{"Tiempo de lectura":"1 minuto"},"schema":{"@context":"https:\/\/schema.org","@graph":[{"@type":"WebPage","@id":"https:\/\/www.h2o-hospitality.com\/es\/sobre-nosotros\/","url":"https:\/\/www.h2o-hospitality.com\/es\/sobre-nosotros\/","name":"Sobre H2O Hospitality | Expertos en alquiler tur\u00edstico","isPartOf":{"@id":"https:\/\/www.h2o-hospitality.com\/#website"},"datePublished":"2024-06-28T09:05:13+00:00","dateModified":"2025-08-05T13:19:06+00:00","description":"Conoce a H2O Hospitality: especialistas en alquiler de apartamentos tur\u00edsticos con enfoque en servicio, comodidad y rendimiento.","breadcrumb":{"@id":"https:\/\/www.h2o-hospitality.com\/es\/sobre-nosotros\/#breadcrumb"},"inLanguage":"es","potentialAction":[{"@type":"ReadAction","target":["https:\/\/www.h2o-hospitality.com\/es\/sobre-nosotros\/"]}]},{"@type":"BreadcrumbList","@id":"https:\/\/www.h2o-hospitality.com\/es\/sobre-nosotros\/#breadcrumb","itemListElement":[{"@type":"ListItem","position":1,"name":"Home","item":"https:\/\/www.h2o-hospitality.com\/es\/"},{"@type":"ListItem","position":2,"name":"Sobre Nosotros"}]},{"@type":"WebSite","@id":"https:\/\/www.h2o-hospitality.com\/#website","url":"https:\/\/www.h2o-hospitality.com\/","name":"H2O Hospitality","description":"Group Travel Done Right","publisher":{"@id":"https:\/\/www.h2o-hospitality.com\/#organization"},"potentialAction":[{"@type":"SearchAction","target":{"@type":"EntryPoint","urlTemplate":"https:\/\/www.h2o-hospitality.com\/?s={search_term_string}"},"query-input":{"@type":"PropertyValueSpecification","valueRequired":true,"valueName":"search_term_string"}}],"inLanguage":"es"},{"@type":"Organization","@id":"https:\/\/www.h2o-hospitality.com\/#organization","name":"H2O Hospitality","url":"https:\/\/www.h2o-hospitality.com\/","logo":{"@type":"ImageObject","inLanguage":"es","@id":"https:\/\/www.h2o-hospitality.com\/#\/schema\/logo\/image\/","url":"https:\/\/www.h2o-hospitality.com\/wp-content\/uploads\/2024\/06\/cropped-H20_logo.png","contentUrl":"https:\/\/www.h2o-hospitality.com\/wp-content\/uploads\/2024\/06\/cropped-H20_logo.png","width":391,"height":166,"caption":"H2O Hospitality"},"image":{"@id":"https:\/\/www.h2o-hospitality.com\/#\/schema\/logo\/image\/"}}]}},"_links":{"self":[{"href":"https:\/\/www.h2o-hospitality.com\/es\/wp-json\/wp\/v2\/pages\/1128","targetHints":{"allow":["GET"]}}],"collection":[{"href":"https:\/\/www.h2o-hospitality.com\/es\/wp-json\/wp\/v2\/pages"}],"about":[{"href":"https:\/\/www.h2o-hospitality.com\/es\/wp-json\/wp\/v2\/types\/page"}],"author":[{"embeddable":true,"href":"https:\/\/www.h2o-hospitality.com\/es\/wp-json\/wp\/v2\/users\/2"}],"replies":[{"embeddable":true,"href":"https:\/\/www.h2o-hospitality.com\/es\/wp-json\/wp\/v2\/comments?post=1128"}],"version-history":[{"count":26,"href":"https:\/\/www.h2o-hospitality.com\/es\/wp-json\/wp\/v2\/pages\/1128\/revisions"}],"predecessor-version":[{"id":4742,"href":"https:\/\/www.h2o-hospitality.com\/es\/wp-json\/wp\/v2\/pages\/1128\/revisions\/4742"}],"wp:attachment":[{"href":"https:\/\/www.h2o-hospitality.com\/es\/wp-json\/wp\/v2\/media?parent=1128"}],"curies":[{"name":"wp","href":"https:\/\/api.w.org\/{rel}","templated":true}]}}