{"id":1130,"date":"2021-05-11T13:04:40","date_gmt":"2021-05-11T13:04:40","guid":{"rendered":"https:\/\/staging.h2o-hospitality.com\/aviso-legal\/"},"modified":"2025-05-06T12:31:46","modified_gmt":"2025-05-06T12:31:46","slug":"aviso-legal","status":"publish","type":"page","link":"https:\/\/www.h2o-hospitality.com\/es\/aviso-legal\/","title":{"rendered":"Aviso Legal"},"content":{"rendered":"\t\t<div data-elementor-type=\"wp-page\" data-elementor-id=\"1130\" class=\"elementor elementor-1130 elementor-3\">\n\t\t\t\t<div class=\"elementor-element elementor-element-2df4a5c e-flex e-con-boxed e-con e-parent\" data-id=\"2df4a5c\" data-element_type=\"container\">\n\t\t\t\t\t<div class=\"e-con-inner\">\n\t\t\t\t<div class=\"elementor-element elementor-element-4d31ac02 elementor-widget elementor-widget-text-editor\" data-id=\"4d31ac02\" data-element_type=\"widget\" data-widget_type=\"text-editor.default\">\n\t\t\t\t<div class=\"elementor-widget-container\">\n\t\t\t<style>\/*! elementor - v3.23.0 - 15-07-2024 *\/\n.elementor-widget-text-editor.elementor-drop-cap-view-stacked .elementor-drop-cap{background-color:#69727d;color:#fff}.elementor-widget-text-editor.elementor-drop-cap-view-framed .elementor-drop-cap{color:#69727d;border:3px solid;background-color:transparent}.elementor-widget-text-editor:not(.elementor-drop-cap-view-default) .elementor-drop-cap{margin-top:8px}.elementor-widget-text-editor:not(.elementor-drop-cap-view-default) .elementor-drop-cap-letter{width:1em;height:1em}.elementor-widget-text-editor .elementor-drop-cap{float:left;text-align:center;line-height:1;font-size:50px}.elementor-widget-text-editor .elementor-drop-cap-letter{display:inline-block}<\/style>\t\t\t\t\n<p class=\"p1\"> <\/p>\n<p class=\"p1\"><b>DATOS IDENTIFICATIVOS<br><\/b><\/p>\n<p class=\"p2\">En cumplimiento con el deber de informaci\u00f3n recogido en el art\u00edculo 10 de la Ley 34\/2002, de 11 de julio, de Servicios de la Sociedad de la Informaci\u00f3n y del Comercio Electr\u00f3nico, a continuaci\u00f3n se reflejan los siguientes datos:<\/p>\n<p class=\"p2\">La empresa titular de esta website es \u201cH2O Real Estate Group, S.L.\u201d, con domicilio en C\/ Gran de Gracia 15, 1\u00ba 1\u00aa, 08012 de Barcelona, con n\u00famero de CIF: B-66272774, inscrita en el Registro Mercantil de Barcelona al tomo 44302, folio 85, hoja B-452169, inscripci\u00f3n 1\u00aa. Email de contacto: <a href=\"mailto:hola@h2o-hospitality.com\">hola@h2o-hospitality.com.<\/a><\/p>\n<p class=\"p2\">La informaci\u00f3n contenida en <a href=\"http:\/\/www.h2o-hospitality.com\/\">www.h2o-hospitality.com<\/a> constituye un servicio de informaci\u00f3n de los diversos servicios y productos que ofrece \u201cH2O Real Estate Group, S.L.\u201d (en adelante \u201cH2O Global Hospitality\u201d) empresa dedicada al alquiler y reservas de apartamentos tur\u00edsticos, de temporada, de negocios y donde se ofrece acceso a contenidos del sector de diversa naturaleza.<\/p>\n<p> <\/p>\n<p class=\"p1\"><b>ACEPTACI\u00d3N DE LAS CONDICIONES DE USO<br><\/b><\/p>\n<p class=\"p2\">El acceso a la Web <a href=\"http:\/\/www.h2o-hospitality.com\/\">www.h2o-hospitality.com<\/a> exige la aceptaci\u00f3n de las condiciones de uso, su pol\u00edtica y aviso legal que en cada momento se encuentren vigentes en \u00e9sta Web sin necesidad de previo aviso, a excepci\u00f3n de que se produzcan variaciones substanciales. El hecho de navegar o utilizar dicho soporte, unido a la marcaci\u00f3n de los check-ins en los distintos formularios, supone la aceptaci\u00f3n inequ\u00edvoca de estas, cuando se facilitan datos de contacto.<\/p>\n<p> <\/p>\n<p class=\"p1\"><b>PROPIEDAD INTELECTUAL<\/b><\/p>\n<p class=\"p1\">El c\u00f3digo fuente, los dise\u00f1os gr\u00e1ficos, las im\u00e1genes, las fotograf\u00edas, las animaciones, el software, los textos, as\u00ed como la informaci\u00f3n y los contenidos que se recogen en www.h2o-hospitality.com est\u00e1n protegidos por la legislaci\u00f3n espa\u00f1ola sobre los derechos de propiedad intelectual e industrial a favor de \u201cH2O Global Hospitality\u201d, y no se permite, la reproducci\u00f3n total o parcial de \u00e9sta Web, ni su tratamiento inform\u00e1tico, comunicaci\u00f3n p\u00fablica, distribuci\u00f3n, difusi\u00f3n, modificaci\u00f3n, transformaci\u00f3n o descompilaci\u00f3n, sin el permiso previo y por escrito de su titular, \u201cH2O Global Hospitality\u201d de conformidad con lo dispuesto en los art\u00edculos 8 y 32 p\u00e1rrafo segundo de la Ley de Propiedad Intelectual.<\/p>\n<p class=\"p1\">El usuario, \u00fanica y exclusivamente podr\u00e1 utilizar el material que aparezca en \u00e9sta Web para su uso personal y privado, quedando prohibido su utilizaci\u00f3n con fines comerciales o para incurrir en actividades il\u00edcitas. Todos los derechos derivados de la propiedad intelectual est\u00e1n expresamente reservados por \u201cH2O Global Hospitality\u201d.<\/p>\n<p class=\"p1\">\u201cH2O Global Hospitality\u201d velar\u00e1 por el cumplimiento de las anteriores condiciones y para la debida utilizaci\u00f3n de los contenidos presentados en su portal, ejercitando todas las acciones civiles y penales que le correspondan en el caso de infracci\u00f3n o incumplimiento de \u00e9stos derechos por parte del usuario.<\/p>\n<p> <\/p>\n<p class=\"p1\"><b>PROTECCI\u00d3N DE DATOS DE CAR\u00c1CTER PERSONAL<\/b><\/p>\n<p class=\"p2\">El acceso a la p\u00e1gina Web o su uso no implica una recogida de datos personales del usuario por parte de \u201cH2O Global Hospitality\u201d. No obstante, se comunica que, en el caso de que \u201cH2O Global Hospitality\u201d solicite datos personales, se recoger\u00e1 debidamente el consentimiento y se informar\u00e1 debidamente al usuario conforme a lo establecido en el art\u00edculo 13 del Reglamento Europeo 2016\/679 de 27 de abril (RGPD), de Protecci\u00f3n de Datos de Car\u00e1cter Personal. (Formularios de contacto o bien cualquier solicitud de servicios).<\/p>\n<p class=\"p2\">Los Datos Personales que se recogen en los formularios de solicitud de informaci\u00f3n de \u201cH2O Global Hospitality\u201d ser\u00e1n objeto de tratamiento mixto y se incorporaran a los correspondientes ficheros, de los cuales la titularidad corresponde a \u201cH2O Global Hospitality\u201d.<\/p>\n<p class=\"p2\">La recogida y tratamiento mixto de los Datos de Car\u00e1cter Personal tiene como finalidad el mantenimiento de la relaci\u00f3n solicitada que en su caso se establezca con \u201cH2O Global Hospitality\u201d, as\u00ed como la gesti\u00f3n, administraci\u00f3n, informaci\u00f3n, prestaci\u00f3n y mejora de los servicios que el usuario decida solicitar o contratar.<\/p>\n<p class=\"p2\">Esta parte no asume ninguna responsabilidad por la falsedad de la informaci\u00f3n facilitada pudiendo y no renunciando, a las acciones que pudiere derivar dicha acci\u00f3n.<\/p>\n<p class=\"p2\">\u201cH2O Global Hospitality\u201d ha tomado las medidas de \u00edndole t\u00e9cnica y organizativa necesarias para garantizar la seguridad de los datos y evitar su alteraci\u00f3n, p\u00e9rdida, tratamiento o acceso no autorizado, teniendo en cuenta el estado de la tecnolog\u00eda, la naturaleza de los datos almacenados y los riesgos a que se encuentran expuestos, ya provengan de la acci\u00f3n humana o del medio f\u00edsico o natural. Se adoptaran las medidas de \u00edndole t\u00e9cnicas y organizativas que persigan alcanzar los objetivos b\u00e1sicos en materia de seguridad, como son: la confidencialidad, entendida como la limitaci\u00f3n de acceso a la informaci\u00f3n por personas no autorizadas; la integridad, entendida como el mantenimiento de la informaci\u00f3n fiable y con calidad, y la disponibilidad, entendida como la garant\u00eda de acceso al Sistema de Informaci\u00f3n por la solicitud de un usuario autorizado.<\/p>\n<p class=\"p2\">La corporaci\u00f3n no realiza cesiones en la actualidad con sus datos. En su caso, cualquier posible cesi\u00f3n estar\u00e1 amparada en el obligado cumplimiento de la legislaci\u00f3n o bien en su consentimiento expl\u00edcito. (Ver detalle de Pol\u00edtica de Privacidad).<\/p>\n<p class=\"p2\">Para finalizar, \u201cH2O Global Hospitality\u201d, podr\u00e1 remitir email e incluirlo en el newletter que remite con informaci\u00f3n que pueda ser de su inter\u00e9s, solicit\u00e1ndole consentimiento concreto a tal efecto.<\/p>\n<p class=\"p2\">En la pol\u00edtica de privacidad, documento que complementa el presente, se detallan los tratamientos y finalidades de los datos que Usted nos pueda facilitar.<\/p>\n<p class=\"p1\"><b><br><br>COOKIES<\/b><\/p>\n<p class=\"p2\">Las cookies son peque\u00f1os archivos que nuestro ordenador trasmite al suyo, pero que no nos proporciona informaci\u00f3n ni sobre su nombre, ni sobre cualquier otro dato de car\u00e1cter personal. El uso de cokkies en la Web \u201cH2O Global Hospitality\u201d se limita \u00fanica y exclusivamente a efectos de funcionamiento, seguridad y estad\u00edsticos. Las cookies que utilizamos no pueden leer datos de su ordenador ni leer las cookies que existieran en su ordenador de otras p\u00e1ginas Web. Si quiere puede configurar su navegador para que le avise en pantalla que va ha recibir una cookie. Si el usuario decide que su ordenador no reciba \u00e9stas cookies, esto no impedir\u00e1 que se pueda acceder a la informaci\u00f3n de la p\u00e1gina www.h2o-hospitality.com.<\/p>\n<p> <\/p>\n<p class=\"p1\"><b>LIMITACI\u00d3N DE LA RESPONSABILIDAD<\/b><\/p>\n<p class=\"p2\">\u201cH2O Global Hospitality\u201d no se responsabiliza de los posibles da\u00f1os o perjuicios que puedan suceder como consecuencia del uso de los contenidos de las Web, siendo de exclusiva responsabilidad del usuario que acceda a las mismas.<\/p>\n<p class=\"p2\">En el mismo sentido, \u201cH2O Global Hospitality\u201d no se responsabiliza de los posibles perjuicios que se puedan derivar del uso de una versi\u00f3n no actualizada o defectuosa del navegador, de interrupciones en la conexi\u00f3n que se produzcan durante la transmisi\u00f3n de datos, virus inform\u00e1ticos, aver\u00edas o desconexiones en el funcionamiento del sistema telem\u00e1tico, de bloqueos causados por deficiencias o sobrecargas de las l\u00edneas telef\u00f3nicas, as\u00ed como de da\u00f1os provocados por terceras personas mediante intromisiones no autorizadas.<\/p>\n<p class=\"p2\">Las Web de \u201cH2O Global Hospitality\u201d contienen enlaces a otras p\u00e1ginas Web que pueden resultar de inter\u00e9s para los usuarios. \u201cH2O Global Hospitality\u201d no asume ninguna responsabilidad sobre estos enlaces, no pudi\u00e9ndose garantizar el cumplimiento de Pol\u00edticas de Privacidad adecuadas, motivo por el cual el usuario accede al contenido de las referidas p\u00e1ginas Web en las condiciones de uso que se fijen en las mismas y bajo su exclusiva responsabilidad.<\/p>\n<p class=\"p2\">\u201cH2O Global Hospitality\u201d no se hace responsable del incumplimiento de cualquier norma aplicable en que pueda incurrir el usuario en su acceso a la Web www.h2o-hospitality.com y\/o en el uso de las informaciones contenidas en ella.<\/p>\n<p class=\"p2\">\u201cH2O Global Hospitality\u201d se reserva el derecho a interrumpir o denegar discrecionalmente, en cualquier momento y sin necesidad de previo aviso, el acceso de cualquier usuario a los contenidos de acceso restringido, cuando concurran alguna de les circunstancias descritas.<\/p>\n<p> <\/p>\n<p class=\"p1\"><b>ENLACES<\/b><\/p>\n<p class=\"p2\">Todos los enlaces o links, hipertextual, profundo, framing o cualquier otro tipo de conexi\u00f3n virtual a trav\u00e9s de redes de telecomunicaci\u00f3n desde cualquier sitio Web a nuestras p\u00e1ginas Web, deber\u00e1 ser solicitado y autorizado previamente y por escrito por \u201cH2O Global Hospitality\u201d, y en su defecto los enlaces que se establezcan a esta Web, deber\u00e1n hacerse a su p\u00e1gina de inicio.<\/p>\n<p class=\"p2\">Los enlaces que se realicen a p\u00e1ginas Web de terceros tienen \u00fanicamente una finalidad orientativa, siendo su objeto el poner a disposici\u00f3n del usuario otras fuentes de informaci\u00f3n que pudieran ser de su inter\u00e9s.<\/p>\n<p class=\"p2\">\u201cH2O Global Hospitality\u201d procura revisar peri\u00f3dicamente el contenido de sus enlaces. No obstante, es imposible conocer en todo momento el contenido concreto de los enlaces propuestos. Derivado de ello, solicitamos la colaboraci\u00f3n de cualquier usuario que acceda a los referidos contenidos en el supuesto que sus contenidos pudieren ser contrarios a la legalidad vigente, moral o orden p\u00fablico, poni\u00e9ndolo en conocimiento a trav\u00e9s de los siguientes correos electr\u00f3nicos hola@h2o-hospitality.com.<\/p>\n<p class=\"p2\">\u201cH2O Global Hospitality\u201d, utiliza las redes sociales para promocionar sus productos, eventos y servicios y llegar al mayor n\u00famero de destinatarios posible, pero las condiciones de participaci\u00f3n son las establecidas por la misma red social. A mayor abundamiento, cualquier solicitud de prestaci\u00f3n de servicios, implica la aceptaci\u00f3n de las condiciones del aviso legal y pol\u00edtica de privacidad.<\/p>\n<p> <\/p>\n<p class=\"p1\"><b>RESPONSABILIDAD<\/b><\/p>\n<p class=\"p1\">En definitiva, el usuario es el \u00fanico responsable del uso que realice de los servicios, contenidos, enlaces (links) e hipertextos incluidos en la Web www.h2o-hospitality.com.<\/p>\n<p> <\/p>\n<p class=\"p1\"><b>POL\u00cdTICA DE PRIVACIDAD<\/b><\/p>\n<p class=\"p2\">Los Datos de Car\u00e1cter Personal recabados mediante los diferentes formularios de las Web est\u00e1n sujetos a los t\u00e9rminos recogidos en nuestra Pol\u00edtica de Privacidad.<\/p>\n<p> <\/p>\n<p class=\"p1\"><b>RESERVA<\/b><\/p>\n<p class=\"p2\">\u201cH2O Global Hospitality\u201d se reserva la facultad en todo momento, sin necesidad de previo aviso, de efectuar modificaciones y actualizaciones de la informaci\u00f3n contenida en sus Web o en su configuraci\u00f3n y presentaci\u00f3n. Asimismo se reserva el derecho a suspender temporalmente, y sin que sea necesario previo aviso, la accesibilidad a las Web por razones de eventual necesidad y para efectuar operaciones de mantenimiento, reparaci\u00f3n o mejora.<\/p>\n<p class=\"p1\">\u201cH2O Global Hospitality\u201d se reserva el derecho a incluir o retirar total o parcialmente de sus Web, cualquier informaci\u00f3n a su exclusiva discreci\u00f3n.<\/p>\n<p> <\/p>\n<p class=\"p1\"><b>LEY APLICABLE Y JURISDICCI\u00d3N<\/b><\/p>\n<p class=\"p2\">Para todas aquellas cuestiones que se puedan suscitar con motivo de interpretaci\u00f3n, ejecuci\u00f3n o eventual incumplimiento de las presentes condiciones de utilizaci\u00f3n, los usuarios, con renuncia a su propio fuero, y con independencia del lugar donde se suscite cualquier disputa, se someter\u00e1n expresamente a la competencia y jurisdicci\u00f3n de los juzgados y tribunales de Barcelona.<\/p>\n<p class=\"p4\">Las presentes condiciones se regir\u00e1n, en todo caso, por la legislaci\u00f3n espa\u00f1ola.<\/p>\n<p> <\/p>\n<p>\u00a9 2024 \u2013 H2O Real Estate Group, SL<\/p>\n<p>Todos los derechos reservados<\/p>\n\t\t\t\t\t\t<\/div>\n\t\t\t\t<\/div>\n\t\t\t\t\t<\/div>\n\t\t\t\t<\/div>\n\t\t\t\t<\/div>\n\t\t","protected":false},"excerpt":{"rendered":"<p>DATOS IDENTIFICATIVOS En cumplimiento con el deber de informaci\u00f3n recogido en el art\u00edculo 10 de la Ley 34\/2002, de 11 de julio, de Servicios de la<span class=\"excerpt-hellip\"> [\u2026]<\/span><\/p>\n","protected":false},"author":2,"featured_media":0,"parent":0,"menu_order":0,"comment_status":"open","ping_status":"open","template":"","meta":{"footnotes":""},"class_list":["post-1130","page","type-page","status-publish","hentry"],"yoast_head":"<!-- This site is optimized with the Yoast SEO plugin v25.0 - https:\/\/yoast.com\/wordpress\/plugins\/seo\/ -->\n<title>Aviso Legal | H2O Hospitality<\/title>\n<meta name=\"description\" content=\"Consulta la informaci\u00f3n legal y los datos de titularidad de H2O Hospitality. Transparencia y cumplimiento normativo.\" \/>\n<meta name=\"robots\" content=\"index, follow, max-snippet:-1, max-image-preview:large, max-video-preview:-1\" \/>\n<link rel=\"canonical\" href=\"https:\/\/www.h2o-hospitality.com\/es\/aviso-legal\/\" \/>\n<meta property=\"og:locale\" content=\"es_ES\" \/>\n<meta property=\"og:type\" content=\"article\" \/>\n<meta property=\"og:title\" content=\"Aviso Legal | H2O Hospitality\" \/>\n<meta property=\"og:description\" content=\"Consulta la informaci\u00f3n legal y los datos de titularidad de H2O Hospitality. Transparencia y cumplimiento normativo.\" \/>\n<meta property=\"og:url\" content=\"https:\/\/www.h2o-hospitality.com\/es\/aviso-legal\/\" \/>\n<meta property=\"og:site_name\" content=\"H2O Hospitality\" \/>\n<meta property=\"article:modified_time\" content=\"2025-05-06T12:31:46+00:00\" \/>\n<meta name=\"twitter:card\" content=\"summary_large_image\" \/>\n<meta name=\"twitter:label1\" content=\"Tiempo de lectura\" \/>\n\t<meta name=\"twitter:data1\" content=\"8 minutos\" \/>\n<script type=\"application\/ld+json\" class=\"yoast-schema-graph\">{\"@context\":\"https:\/\/schema.org\",\"@graph\":[{\"@type\":\"WebPage\",\"@id\":\"https:\/\/www.h2o-hospitality.com\/es\/aviso-legal\/\",\"url\":\"https:\/\/www.h2o-hospitality.com\/es\/aviso-legal\/\",\"name\":\"Aviso Legal | H2O Hospitality\",\"isPartOf\":{\"@id\":\"https:\/\/www.h2o-hospitality.com\/#website\"},\"datePublished\":\"2021-05-11T13:04:40+00:00\",\"dateModified\":\"2025-05-06T12:31:46+00:00\",\"description\":\"Consulta la informaci\u00f3n legal y los datos de titularidad de H2O Hospitality. Transparencia y cumplimiento normativo.\",\"breadcrumb\":{\"@id\":\"https:\/\/www.h2o-hospitality.com\/es\/aviso-legal\/#breadcrumb\"},\"inLanguage\":\"es\",\"potentialAction\":[{\"@type\":\"ReadAction\",\"target\":[\"https:\/\/www.h2o-hospitality.com\/es\/aviso-legal\/\"]}]},{\"@type\":\"BreadcrumbList\",\"@id\":\"https:\/\/www.h2o-hospitality.com\/es\/aviso-legal\/#breadcrumb\",\"itemListElement\":[{\"@type\":\"ListItem\",\"position\":1,\"name\":\"Home\",\"item\":\"https:\/\/www.h2o-hospitality.com\/es\/\"},{\"@type\":\"ListItem\",\"position\":2,\"name\":\"Aviso Legal\"}]},{\"@type\":\"WebSite\",\"@id\":\"https:\/\/www.h2o-hospitality.com\/#website\",\"url\":\"https:\/\/www.h2o-hospitality.com\/\",\"name\":\"H2O Hospitality\",\"description\":\"Group Travel Done Right\",\"publisher\":{\"@id\":\"https:\/\/www.h2o-hospitality.com\/#organization\"},\"potentialAction\":[{\"@type\":\"SearchAction\",\"target\":{\"@type\":\"EntryPoint\",\"urlTemplate\":\"https:\/\/www.h2o-hospitality.com\/?s={search_term_string}\"},\"query-input\":{\"@type\":\"PropertyValueSpecification\",\"valueRequired\":true,\"valueName\":\"search_term_string\"}}],\"inLanguage\":\"es\"},{\"@type\":\"Organization\",\"@id\":\"https:\/\/www.h2o-hospitality.com\/#organization\",\"name\":\"H2O Hospitality\",\"url\":\"https:\/\/www.h2o-hospitality.com\/\",\"logo\":{\"@type\":\"ImageObject\",\"inLanguage\":\"es\",\"@id\":\"https:\/\/www.h2o-hospitality.com\/#\/schema\/logo\/image\/\",\"url\":\"https:\/\/www.h2o-hospitality.com\/wp-content\/uploads\/2024\/06\/cropped-H20_logo.png\",\"contentUrl\":\"https:\/\/www.h2o-hospitality.com\/wp-content\/uploads\/2024\/06\/cropped-H20_logo.png\",\"width\":391,\"height\":166,\"caption\":\"H2O Hospitality\"},\"image\":{\"@id\":\"https:\/\/www.h2o-hospitality.com\/#\/schema\/logo\/image\/\"}}]}<\/script>\n<!-- \/ Yoast SEO plugin. -->","yoast_head_json":{"title":"Aviso Legal | H2O Hospitality","description":"Consulta la informaci\u00f3n legal y los datos de titularidad de H2O Hospitality. Transparencia y cumplimiento normativo.","robots":{"index":"index","follow":"follow","max-snippet":"max-snippet:-1","max-image-preview":"max-image-preview:large","max-video-preview":"max-video-preview:-1"},"canonical":"https:\/\/www.h2o-hospitality.com\/es\/aviso-legal\/","og_locale":"es_ES","og_type":"article","og_title":"Aviso Legal | H2O Hospitality","og_description":"Consulta la informaci\u00f3n legal y los datos de titularidad de H2O Hospitality. Transparencia y cumplimiento normativo.","og_url":"https:\/\/www.h2o-hospitality.com\/es\/aviso-legal\/","og_site_name":"H2O Hospitality","article_modified_time":"2025-05-06T12:31:46+00:00","twitter_card":"summary_large_image","twitter_misc":{"Tiempo de lectura":"8 minutos"},"schema":{"@context":"https:\/\/schema.org","@graph":[{"@type":"WebPage","@id":"https:\/\/www.h2o-hospitality.com\/es\/aviso-legal\/","url":"https:\/\/www.h2o-hospitality.com\/es\/aviso-legal\/","name":"Aviso Legal | H2O Hospitality","isPartOf":{"@id":"https:\/\/www.h2o-hospitality.com\/#website"},"datePublished":"2021-05-11T13:04:40+00:00","dateModified":"2025-05-06T12:31:46+00:00","description":"Consulta la informaci\u00f3n legal y los datos de titularidad de H2O Hospitality. Transparencia y cumplimiento normativo.","breadcrumb":{"@id":"https:\/\/www.h2o-hospitality.com\/es\/aviso-legal\/#breadcrumb"},"inLanguage":"es","potentialAction":[{"@type":"ReadAction","target":["https:\/\/www.h2o-hospitality.com\/es\/aviso-legal\/"]}]},{"@type":"BreadcrumbList","@id":"https:\/\/www.h2o-hospitality.com\/es\/aviso-legal\/#breadcrumb","itemListElement":[{"@type":"ListItem","position":1,"name":"Home","item":"https:\/\/www.h2o-hospitality.com\/es\/"},{"@type":"ListItem","position":2,"name":"Aviso Legal"}]},{"@type":"WebSite","@id":"https:\/\/www.h2o-hospitality.com\/#website","url":"https:\/\/www.h2o-hospitality.com\/","name":"H2O Hospitality","description":"Group Travel Done Right","publisher":{"@id":"https:\/\/www.h2o-hospitality.com\/#organization"},"potentialAction":[{"@type":"SearchAction","target":{"@type":"EntryPoint","urlTemplate":"https:\/\/www.h2o-hospitality.com\/?s={search_term_string}"},"query-input":{"@type":"PropertyValueSpecification","valueRequired":true,"valueName":"search_term_string"}}],"inLanguage":"es"},{"@type":"Organization","@id":"https:\/\/www.h2o-hospitality.com\/#organization","name":"H2O Hospitality","url":"https:\/\/www.h2o-hospitality.com\/","logo":{"@type":"ImageObject","inLanguage":"es","@id":"https:\/\/www.h2o-hospitality.com\/#\/schema\/logo\/image\/","url":"https:\/\/www.h2o-hospitality.com\/wp-content\/uploads\/2024\/06\/cropped-H20_logo.png","contentUrl":"https:\/\/www.h2o-hospitality.com\/wp-content\/uploads\/2024\/06\/cropped-H20_logo.png","width":391,"height":166,"caption":"H2O Hospitality"},"image":{"@id":"https:\/\/www.h2o-hospitality.com\/#\/schema\/logo\/image\/"}}]}},"_links":{"self":[{"href":"https:\/\/www.h2o-hospitality.com\/es\/wp-json\/wp\/v2\/pages\/1130","targetHints":{"allow":["GET"]}}],"collection":[{"href":"https:\/\/www.h2o-hospitality.com\/es\/wp-json\/wp\/v2\/pages"}],"about":[{"href":"https:\/\/www.h2o-hospitality.com\/es\/wp-json\/wp\/v2\/types\/page"}],"author":[{"embeddable":true,"href":"https:\/\/www.h2o-hospitality.com\/es\/wp-json\/wp\/v2\/users\/2"}],"replies":[{"embeddable":true,"href":"https:\/\/www.h2o-hospitality.com\/es\/wp-json\/wp\/v2\/comments?post=1130"}],"version-history":[{"count":1,"href":"https:\/\/www.h2o-hospitality.com\/es\/wp-json\/wp\/v2\/pages\/1130\/revisions"}],"predecessor-version":[{"id":1131,"href":"https:\/\/www.h2o-hospitality.com\/es\/wp-json\/wp\/v2\/pages\/1130\/revisions\/1131"}],"wp:attachment":[{"href":"https:\/\/www.h2o-hospitality.com\/es\/wp-json\/wp\/v2\/media?parent=1130"}],"curies":[{"name":"wp","href":"https:\/\/api.w.org\/{rel}","templated":true}]}}