{"id":1137,"date":"2024-07-02T13:25:46","date_gmt":"2024-07-02T13:25:46","guid":{"rendered":"https:\/\/staging.h2o-hospitality.com\/politica-de-cookies\/"},"modified":"2025-05-06T12:36:08","modified_gmt":"2025-05-06T12:36:08","slug":"politica-de-cookies","status":"publish","type":"page","link":"https:\/\/www.h2o-hospitality.com\/es\/politica-de-cookies\/","title":{"rendered":"Pol\u00edtica de Cookies"},"content":{"rendered":"\t\t<div data-elementor-type=\"wp-page\" data-elementor-id=\"1137\" class=\"elementor elementor-1137 elementor-804\">\n\t\t\t\t<div class=\"elementor-element elementor-element-2df4a5c e-flex e-con-boxed e-con e-parent\" data-id=\"2df4a5c\" data-element_type=\"container\">\n\t\t\t\t\t<div class=\"e-con-inner\">\n\t\t\t\t<div class=\"elementor-element elementor-element-4d31ac02 elementor-widget elementor-widget-text-editor\" data-id=\"4d31ac02\" data-element_type=\"widget\" data-widget_type=\"text-editor.default\">\n\t\t\t\t<div class=\"elementor-widget-container\">\n\t\t\t<style>\/*! elementor - v3.23.0 - 15-07-2024 *\/\n.elementor-widget-text-editor.elementor-drop-cap-view-stacked .elementor-drop-cap{background-color:#69727d;color:#fff}.elementor-widget-text-editor.elementor-drop-cap-view-framed .elementor-drop-cap{color:#69727d;border:3px solid;background-color:transparent}.elementor-widget-text-editor:not(.elementor-drop-cap-view-default) .elementor-drop-cap{margin-top:8px}.elementor-widget-text-editor:not(.elementor-drop-cap-view-default) .elementor-drop-cap-letter{width:1em;height:1em}.elementor-widget-text-editor .elementor-drop-cap{float:left;text-align:center;line-height:1;font-size:50px}.elementor-widget-text-editor .elementor-drop-cap-letter{display:inline-block}<\/style>\t\t\t\t<p>\u00daltima actualizaci\u00f3n: 2 de Julio de 2024. <\/p>\n<p class=\"p1\">Esta Pol\u00edtica de Cookies explica como H2O Global Hospitality. (\u201c<b>Empresa<\/b>,\u201d \u201c<b>nosotros<\/b>,\u201d \u201c<b>nos<\/b>,\u201d y \u201c<b>nuestro<\/b>\u201c) utiliza las cookies y tecnolog\u00edas similares para reconocerle cuando visita nuestro sitio web en https:\/\/www.h2o-hospitality.com (\u201c<b>Sitio Web<\/b>\u201c). En ella se explica qu\u00e9 son estas tecnolog\u00edas y por qu\u00e9 las utilizamos, as\u00ed como sus derechos para controlar el uso que hacemos de ellas. <\/p>\n<p class=\"p1\">En algunos casos podemos utilizar cookies para recoger informaci\u00f3n personal, o que se convierte en informaci\u00f3n personal si la combinamos con otra informaci\u00f3n. <\/p>\n<p class=\"p1\"><b>\u00bfQu\u00e9 son las cookies? <\/b><\/p>\n<p class=\"p1\">Las cookies son peque\u00f1os archivos de datos que se colocan en su ordenador o dispositivo m\u00f3vil cuando visita un sitio web. Los propietarios de sitios web utilizan ampliamente las cookies para hacer que sus sitios web funcionen, o para que funcionen de manera m\u00e1s eficiente, as\u00ed como para proporcionar informaci\u00f3n de informes. <\/p>\n<p class=\"p1\">Las cookies establecidas por el propietario del sitio web (en este caso, H2O Global Hospitality, SL.) se denominan \u201ccookies de origen\u201d. Las cookies establecidas por partes distintas del propietario del sitio web se denominan \u201ccookies de terceros.\u201d Las cookies de terceros permiten proporcionar caracter\u00edsticas o funcionalidades de terceros en o a trav\u00e9s del sitio web (por ejemplo, publicidad, contenido interactivo y an\u00e1lisis). Las partes que establecen estas cookies de terceros pueden reconocer su ordenador tanto cuando visita el sitio web en cuesti\u00f3n como cuando visita otros sitios web. <\/p>\n<p class=\"p1\"><b>\u00bfPor qu\u00e9 utilizamos cookies? <\/b><\/p>\n<p class=\"p1\">Utilizamos cookies propias y de terceros por varias razones. Algunas cookies son necesarias por razones t\u00e9cnicas para que nuestro sitio web funcione, y nos referimos a ellas como cookies \u201cesenciales\u201d o \u201cestrictamente necesarias\u201d. Otras cookies tambi\u00e9n nos permiten rastrear y orientar los intereses de nuestros usuarios para mejorar la experiencia en nuestras Propiedades en l\u00ednea. Los terceros utilizan cookies en nuestro sitio web con fines publicitarios, anal\u00edticos y de otro tipo. Esto se describe con m\u00e1s detalle a continuaci\u00f3n. <\/p>\n<p class=\"p1\"><b>\u00bfC\u00f3mo puedo controlar las cookies? <br \/><\/b><\/p>\n<p class=\"p1\">Usted tiene derecho a decidir si acepta o rechaza las cookies. Puede ejercer sus derechos sobre las cookies configurando sus preferencias en el Gestor de Consentimiento de Cookies. El Cookie Consent Manager le permite seleccionar qu\u00e9 categor\u00edas de cookies acepta o rechaza. Las cookies esenciales no pueden rechazarse, ya que son estrictamente necesarias para prestarle servicios. El Gestor de Consentimiento de Cookies se encuentra en el banner de notificaci\u00f3n y en nuestro sitio web. Si decide rechazar las cookies, podr\u00e1 seguir utilizando nuestro sitio web, aunque su acceso a algunas funciones y \u00e1reas de nuestro sitio web puede estar restringido. Tambi\u00e9n puede configurar o modificar los controles de su navegador web para aceptar o rechazar las cookies. <\/p>\n<p class=\"p1\">Los tipos espec\u00edficos de cookies propias y de terceros que se sirven a trav\u00e9s de nuestro sitio web y los fines que persiguen se describen en la tabla siguiente (tenga en cuenta que las cookies espec\u00edficas que se sirven pueden variar en funci\u00f3n de las Propiedades en l\u00ednea concretas que visite): <\/p>\n<ul class=\"ul1\">\n<li class=\"li1\"><b>Cookies esenciales del sitio web:<\/b> Estas cookies son estrictamente necesarias para prestarle los servicios disponibles a trav\u00e9s de nuestro Sitio Web y para utilizar algunas de sus funciones, como el acceso a \u00e1reas seguras. Nombre: Prop\u00f3sito: Proveeidorr: Servicio: Tipo: Caduca en: wordpress_test_cookie. Utilizado por sitios creados con WordPress para comprobar si un navegador tiene las cookies habilitadas. <\/li>\n<\/ul>\n<p class=\"p1\"><b>\u00bfC\u00f3mo puedo controlar las cookies en mi navegador?<\/b><\/p>\n<p>Dado que los medios por los que puede rechazar las cookies a trav\u00e9s de los controles de su navegador web var\u00edan de un navegador a otro, debe visitar el men\u00fa de ayuda de su navegador para obtener m\u00e1s informaci\u00f3n. A continuaci\u00f3n encontrar\u00e1 informaci\u00f3n sobre c\u00f3mo gestionar las cookies en los navegadores m\u00e1s populares: <\/p>\n<ul class=\"ul1\">\n<li class=\"li1\">Chrome<\/li>\n<li class=\"li1\">Internet Explorer <\/li>\n<li class=\"li1\">Firefox<\/li>\n<li class=\"li1\">Safari<\/li>\n<li class=\"li1\">Edge<\/li>\n<li class=\"li1\">Opera <\/li>\n<\/ul>\n<p class=\"p1\">Adem\u00e1s, la mayor\u00eda de las redes publicitarias le ofrecen la posibilidad de rechazar la publicidad dirigida. Si desea obtener m\u00e1s informaci\u00f3n, visite: <\/p>\n<p class=\"p1\">Alianza de Publicidad Digital,<br \/>Alianza de Publicidad Digital de Canad\u00e1 y Alianza Europea de Publicidad Digital Interactiva.<\/p>\n<p class=\"p1\"><b>\u00bfQu\u00e9 ocurre con otras tecnolog\u00edas de seguimiento, como las pixeles de seguimiento web? <br \/><\/b><\/p>\n<p class=\"p1\">Las cookies no son la \u00fanica forma de reconocer o rastrear a los visitantes de un sitio web. De vez en cuando podemos utilizar otras tecnolog\u00edas similares, como \u201cp\u00edxeles de seguimiento\u201d o \u201cgifs transparentes\u201d. Se trata de peque\u00f1os archivos gr\u00e1ficos que contienen un identificador \u00fanico que nos permite reconocer cu\u00e1ndo alguien ha visitado nuestro sitio web o ha abierto un correo electr\u00f3nico que los incluye. Esto nos permite, por ejemplo, controlar los patrones de tr\u00e1fico de los usuarios de una p\u00e1gina a otra dentro de un sitio web, entregar cookies o comunicarnos con ellas, comprender si ha llegado al sitio web desde un anuncio en l\u00ednea mostrado en un sitio web de terceros, mejorar el rendimiento del sitio y medir el \u00e9xito de las campa\u00f1as de marketing por correo electr\u00f3nico. En muchos casos, estas tecnolog\u00edas dependen de las cookies para funcionar correctamente, por lo que rechazarlas afectar\u00e1 a su funcionamiento. <\/p>\n<p class=\"p1\"><b>\u00bfUtilizan cookies Flash u Objetos Locales Compartidos? <br \/><\/b><\/p>\n<p class=\"p1\">Los sitios web tambi\u00e9n pueden utilizar las llamadas \u201cFlash Cookies\u201d (tambi\u00e9n conocidas como Local Shared Objects o \u201cLSOs\u201d) para, entre otras cosas, recopilar y almacenar informaci\u00f3n sobre su uso de nuestros servicios, prevenci\u00f3n del fraude y para otras operaciones del sitio. <\/p>\n<p class=\"p1\">Si no desea que se almacenen Flash Cookies en su ordenador, puede ajustar la configuraci\u00f3n de su reproductor Flash para bloquear el almacenamiento de Flash Cookies mediante las herramientas incluidas en el Panel de configuraci\u00f3n de almacenamiento del sitio web. Tambi\u00e9n puede controlar las Flash Cookies accediendo al Panel de configuraci\u00f3n global de almacenamiento y siguiendo las instrucciones (que pueden incluir instrucciones que expliquen, por ejemplo, c\u00f3mo eliminar las Flash Cookies existentes (denominadas \u201cinformaci\u00f3n\u201d en el sitio de Macromedia), c\u00f3mo evitar que se coloquen Flash LSO en su ordenador sin que usted lo solicite y (para Flash Player 8 y posteriores) c\u00f3mo bloquear las Flash Cookies que no est\u00e9n siendo entregadas por el operador de la p\u00e1gina en la que se encuentre en ese momento). Tenga en cuenta que configurar Flash Player para restringir o limitar la aceptaci\u00f3n de Flash Cookies puede reducir o impedir la funcionalidad de algunas aplicaciones Flash, incluidas, potencialmente, las aplicaciones Flash utilizadas en relaci\u00f3n con nuestros servicios o contenidos en l\u00ednea. <\/p>\n<p class=\"p1\"><b>\u00bfSirven ustedes publicidad dirigida? <br \/><\/b><\/p>\n<p class=\"p1\">Terceros pueden instalar cookies en su ordenador o dispositivo m\u00f3vil para ofrecerle publicidad a trav\u00e9s de nuestro sitio web. Estas empresas pueden utilizar informaci\u00f3n sobre sus visitas a este y otros sitios web con el fin de proporcionar anuncios relevantes sobre bienes y servicios en los que pueda estar interesado. Tambi\u00e9n pueden emplear tecnolog\u00eda para medir la eficacia de los anuncios. Para ello, pueden utilizar cookies o balizas web para recopilar informaci\u00f3n sobre sus visitas a este y otros sitios con el fin de proporcionar anuncios relevantes sobre bienes y servicios que puedan interesarle. La informaci\u00f3n recopilada a trav\u00e9s de este proceso no nos permite a nosotros ni a ellos identificar su nombre, datos de contacto u otros detalles que le identifiquen directamente, a menos que usted decida proporcionarlos. <\/p>\n<p class=\"p1\"><b>\u00bfCon qu\u00e9 frecuencia actualizar\u00e1n esta Pol\u00edtica de Cookies? <br \/><\/b><\/p>\n<p class=\"p1\">Podemos actualizar esta Pol\u00edtica de Cookies de vez en cuando para reflejar, por ejemplo, los cambios en las cookies que utilizamos o por otras razones operativas, legales o reglamentarias. Por lo tanto, vuelva a visitar esta Pol\u00edtica de Cookies regularmente para mantenerse informado sobre nuestro uso de cookies y tecnolog\u00edas relacionadas. <\/p>\n<p class=\"p1\">La fecha en la parte superior de esta Pol\u00edtica de Cookies indica cu\u00e1ndo se actualiz\u00f3 por \u00faltima vez. <\/p>\n<p class=\"p1\"><b>\u00bfD\u00f3nde puedo obtener m\u00e1s informaci\u00f3n? <br \/><\/b><\/p>\n<p class=\"p1\">Si tiene alguna pregunta sobre nuestro uso de cookies u otras tecnolog\u00edas, env\u00edenos un correo electr\u00f3nico a hola@h2o-hospitality.com o por correo postal a: <\/p>\n<p class=\"p1\">H2O Global Hospitality<br \/>c\/Gran de Gracia 15, 2o1o <br \/>Barcelona,<br \/>08012 Espa\u00f1a<br \/>Tel\u00e9fono: (+34) 93 368 23 84 <\/p>\n\t\t\t\t\t\t<\/div>\n\t\t\t\t<\/div>\n\t\t\t\t\t<\/div>\n\t\t\t\t<\/div>\n\t\t\t\t<\/div>\n\t\t","protected":false},"excerpt":{"rendered":"<p>\u00daltima actualizaci\u00f3n: 2 de Julio de 2024. Esta Pol\u00edtica de Cookies explica como H2O Global Hospitality. (\u201cEmpresa,\u201d \u201cnosotros,\u201d \u201cnos,\u201d y \u201cnuestro\u201c) utiliza las cookies y tecnolog\u00edas<span class=\"excerpt-hellip\"> [\u2026]<\/span><\/p>\n","protected":false},"author":2,"featured_media":0,"parent":0,"menu_order":0,"comment_status":"open","ping_status":"open","template":"","meta":{"footnotes":""},"class_list":["post-1137","page","type-page","status-publish","hentry"],"yoast_head":"<!-- This site is optimized with the Yoast SEO plugin v25.0 - https:\/\/yoast.com\/wordpress\/plugins\/seo\/ -->\n<title>Pol\u00edtica de Cookies | H2O Hospitality<\/title>\n<meta name=\"description\" content=\"Entiende c\u00f3mo H2O Hospitality utiliza cookies para mejorar tu experiencia de navegaci\u00f3n y personalizaci\u00f3n del servicio.\" \/>\n<meta name=\"robots\" content=\"index, follow, max-snippet:-1, max-image-preview:large, max-video-preview:-1\" \/>\n<link rel=\"canonical\" href=\"https:\/\/www.h2o-hospitality.com\/es\/politica-de-cookies\/\" \/>\n<meta property=\"og:locale\" content=\"es_ES\" \/>\n<meta property=\"og:type\" content=\"article\" \/>\n<meta property=\"og:title\" content=\"Pol\u00edtica de Cookies | H2O Hospitality\" \/>\n<meta property=\"og:description\" content=\"Entiende c\u00f3mo H2O Hospitality utiliza cookies para mejorar tu experiencia de navegaci\u00f3n y personalizaci\u00f3n del servicio.\" \/>\n<meta property=\"og:url\" content=\"https:\/\/www.h2o-hospitality.com\/es\/politica-de-cookies\/\" \/>\n<meta property=\"og:site_name\" content=\"H2O Hospitality\" \/>\n<meta property=\"article:modified_time\" content=\"2025-05-06T12:36:08+00:00\" \/>\n<meta name=\"twitter:card\" content=\"summary_large_image\" \/>\n<meta name=\"twitter:label1\" content=\"Tiempo de lectura\" \/>\n\t<meta name=\"twitter:data1\" content=\"6 minutos\" \/>\n<script type=\"application\/ld+json\" class=\"yoast-schema-graph\">{\"@context\":\"https:\/\/schema.org\",\"@graph\":[{\"@type\":\"WebPage\",\"@id\":\"https:\/\/www.h2o-hospitality.com\/es\/politica-de-cookies\/\",\"url\":\"https:\/\/www.h2o-hospitality.com\/es\/politica-de-cookies\/\",\"name\":\"Pol\u00edtica de Cookies | H2O Hospitality\",\"isPartOf\":{\"@id\":\"https:\/\/www.h2o-hospitality.com\/#website\"},\"datePublished\":\"2024-07-02T13:25:46+00:00\",\"dateModified\":\"2025-05-06T12:36:08+00:00\",\"description\":\"Entiende c\u00f3mo H2O Hospitality utiliza cookies para mejorar tu experiencia de navegaci\u00f3n y personalizaci\u00f3n del servicio.\",\"breadcrumb\":{\"@id\":\"https:\/\/www.h2o-hospitality.com\/es\/politica-de-cookies\/#breadcrumb\"},\"inLanguage\":\"es\",\"potentialAction\":[{\"@type\":\"ReadAction\",\"target\":[\"https:\/\/www.h2o-hospitality.com\/es\/politica-de-cookies\/\"]}]},{\"@type\":\"BreadcrumbList\",\"@id\":\"https:\/\/www.h2o-hospitality.com\/es\/politica-de-cookies\/#breadcrumb\",\"itemListElement\":[{\"@type\":\"ListItem\",\"position\":1,\"name\":\"Home\",\"item\":\"https:\/\/www.h2o-hospitality.com\/es\/\"},{\"@type\":\"ListItem\",\"position\":2,\"name\":\"Pol\u00edtica de Cookies\"}]},{\"@type\":\"WebSite\",\"@id\":\"https:\/\/www.h2o-hospitality.com\/#website\",\"url\":\"https:\/\/www.h2o-hospitality.com\/\",\"name\":\"H2O Hospitality\",\"description\":\"Group Travel Done Right\",\"publisher\":{\"@id\":\"https:\/\/www.h2o-hospitality.com\/#organization\"},\"potentialAction\":[{\"@type\":\"SearchAction\",\"target\":{\"@type\":\"EntryPoint\",\"urlTemplate\":\"https:\/\/www.h2o-hospitality.com\/?s={search_term_string}\"},\"query-input\":{\"@type\":\"PropertyValueSpecification\",\"valueRequired\":true,\"valueName\":\"search_term_string\"}}],\"inLanguage\":\"es\"},{\"@type\":\"Organization\",\"@id\":\"https:\/\/www.h2o-hospitality.com\/#organization\",\"name\":\"H2O Hospitality\",\"url\":\"https:\/\/www.h2o-hospitality.com\/\",\"logo\":{\"@type\":\"ImageObject\",\"inLanguage\":\"es\",\"@id\":\"https:\/\/www.h2o-hospitality.com\/#\/schema\/logo\/image\/\",\"url\":\"https:\/\/www.h2o-hospitality.com\/wp-content\/uploads\/2024\/06\/cropped-H20_logo.png\",\"contentUrl\":\"https:\/\/www.h2o-hospitality.com\/wp-content\/uploads\/2024\/06\/cropped-H20_logo.png\",\"width\":391,\"height\":166,\"caption\":\"H2O Hospitality\"},\"image\":{\"@id\":\"https:\/\/www.h2o-hospitality.com\/#\/schema\/logo\/image\/\"}}]}<\/script>\n<!-- \/ Yoast SEO plugin. -->","yoast_head_json":{"title":"Pol\u00edtica de Cookies | H2O Hospitality","description":"Entiende c\u00f3mo H2O Hospitality utiliza cookies para mejorar tu experiencia de navegaci\u00f3n y personalizaci\u00f3n del servicio.","robots":{"index":"index","follow":"follow","max-snippet":"max-snippet:-1","max-image-preview":"max-image-preview:large","max-video-preview":"max-video-preview:-1"},"canonical":"https:\/\/www.h2o-hospitality.com\/es\/politica-de-cookies\/","og_locale":"es_ES","og_type":"article","og_title":"Pol\u00edtica de Cookies | H2O Hospitality","og_description":"Entiende c\u00f3mo H2O Hospitality utiliza cookies para mejorar tu experiencia de navegaci\u00f3n y personalizaci\u00f3n del servicio.","og_url":"https:\/\/www.h2o-hospitality.com\/es\/politica-de-cookies\/","og_site_name":"H2O Hospitality","article_modified_time":"2025-05-06T12:36:08+00:00","twitter_card":"summary_large_image","twitter_misc":{"Tiempo de lectura":"6 minutos"},"schema":{"@context":"https:\/\/schema.org","@graph":[{"@type":"WebPage","@id":"https:\/\/www.h2o-hospitality.com\/es\/politica-de-cookies\/","url":"https:\/\/www.h2o-hospitality.com\/es\/politica-de-cookies\/","name":"Pol\u00edtica de Cookies | H2O Hospitality","isPartOf":{"@id":"https:\/\/www.h2o-hospitality.com\/#website"},"datePublished":"2024-07-02T13:25:46+00:00","dateModified":"2025-05-06T12:36:08+00:00","description":"Entiende c\u00f3mo H2O Hospitality utiliza cookies para mejorar tu experiencia de navegaci\u00f3n y personalizaci\u00f3n del servicio.","breadcrumb":{"@id":"https:\/\/www.h2o-hospitality.com\/es\/politica-de-cookies\/#breadcrumb"},"inLanguage":"es","potentialAction":[{"@type":"ReadAction","target":["https:\/\/www.h2o-hospitality.com\/es\/politica-de-cookies\/"]}]},{"@type":"BreadcrumbList","@id":"https:\/\/www.h2o-hospitality.com\/es\/politica-de-cookies\/#breadcrumb","itemListElement":[{"@type":"ListItem","position":1,"name":"Home","item":"https:\/\/www.h2o-hospitality.com\/es\/"},{"@type":"ListItem","position":2,"name":"Pol\u00edtica de Cookies"}]},{"@type":"WebSite","@id":"https:\/\/www.h2o-hospitality.com\/#website","url":"https:\/\/www.h2o-hospitality.com\/","name":"H2O Hospitality","description":"Group Travel Done Right","publisher":{"@id":"https:\/\/www.h2o-hospitality.com\/#organization"},"potentialAction":[{"@type":"SearchAction","target":{"@type":"EntryPoint","urlTemplate":"https:\/\/www.h2o-hospitality.com\/?s={search_term_string}"},"query-input":{"@type":"PropertyValueSpecification","valueRequired":true,"valueName":"search_term_string"}}],"inLanguage":"es"},{"@type":"Organization","@id":"https:\/\/www.h2o-hospitality.com\/#organization","name":"H2O Hospitality","url":"https:\/\/www.h2o-hospitality.com\/","logo":{"@type":"ImageObject","inLanguage":"es","@id":"https:\/\/www.h2o-hospitality.com\/#\/schema\/logo\/image\/","url":"https:\/\/www.h2o-hospitality.com\/wp-content\/uploads\/2024\/06\/cropped-H20_logo.png","contentUrl":"https:\/\/www.h2o-hospitality.com\/wp-content\/uploads\/2024\/06\/cropped-H20_logo.png","width":391,"height":166,"caption":"H2O Hospitality"},"image":{"@id":"https:\/\/www.h2o-hospitality.com\/#\/schema\/logo\/image\/"}}]}},"_links":{"self":[{"href":"https:\/\/www.h2o-hospitality.com\/es\/wp-json\/wp\/v2\/pages\/1137","targetHints":{"allow":["GET"]}}],"collection":[{"href":"https:\/\/www.h2o-hospitality.com\/es\/wp-json\/wp\/v2\/pages"}],"about":[{"href":"https:\/\/www.h2o-hospitality.com\/es\/wp-json\/wp\/v2\/types\/page"}],"author":[{"embeddable":true,"href":"https:\/\/www.h2o-hospitality.com\/es\/wp-json\/wp\/v2\/users\/2"}],"replies":[{"embeddable":true,"href":"https:\/\/www.h2o-hospitality.com\/es\/wp-json\/wp\/v2\/comments?post=1137"}],"version-history":[{"count":1,"href":"https:\/\/www.h2o-hospitality.com\/es\/wp-json\/wp\/v2\/pages\/1137\/revisions"}],"predecessor-version":[{"id":1138,"href":"https:\/\/www.h2o-hospitality.com\/es\/wp-json\/wp\/v2\/pages\/1137\/revisions\/1138"}],"wp:attachment":[{"href":"https:\/\/www.h2o-hospitality.com\/es\/wp-json\/wp\/v2\/media?parent=1137"}],"curies":[{"name":"wp","href":"https:\/\/api.w.org\/{rel}","templated":true}]}}