{"id":2798,"date":"2025-05-05T14:57:53","date_gmt":"2025-05-05T14:57:53","guid":{"rendered":"https:\/\/www.h2o-hospitality.com\/green-stay-barcelona\/"},"modified":"2025-06-12T15:17:15","modified_gmt":"2025-06-12T15:17:15","slug":"green-stay-barcelona","status":"publish","type":"page","link":"https:\/\/www.h2o-hospitality.com\/es\/green-stay-barcelona\/","title":{"rendered":"Green Stay Barcelona"},"content":{"rendered":"\t\t<div data-elementor-type=\"wp-page\" data-elementor-id=\"2798\" class=\"elementor elementor-2798 elementor-2749\">\n\t\t\t\t<div class=\"elementor-element elementor-element-760cd75 e-flex e-con-boxed e-con e-parent\" data-id=\"760cd75\" data-element_type=\"container\">\n\t\t\t\t\t<div class=\"e-con-inner\">\n\t\t\t\t<div class=\"elementor-element elementor-element-3c013bf elementor-widget elementor-widget-heading\" data-id=\"3c013bf\" data-element_type=\"widget\" data-widget_type=\"heading.default\">\n\t\t\t\t<div class=\"elementor-widget-container\">\n\t\t\t<style>\/*! elementor - v3.23.0 - 15-07-2024 *\/\n.elementor-heading-title{padding:0;margin:0;line-height:1}.elementor-widget-heading .elementor-heading-title[class*=elementor-size-]>a{color:inherit;font-size:inherit;line-height:inherit}.elementor-widget-heading .elementor-heading-title.elementor-size-small{font-size:15px}.elementor-widget-heading .elementor-heading-title.elementor-size-medium{font-size:19px}.elementor-widget-heading .elementor-heading-title.elementor-size-large{font-size:29px}.elementor-widget-heading .elementor-heading-title.elementor-size-xl{font-size:39px}.elementor-widget-heading .elementor-heading-title.elementor-size-xxl{font-size:59px}<\/style><h3 class=\"elementor-heading-title elementor-size-default\">Cada decisi\u00f3n cuenta. \u00a1Piensa en verde! <\/h3>\t\t<\/div>\n\t\t\t\t<\/div>\n\t\t\t\t<div class=\"elementor-element elementor-element-01f4f88 elementor-widget elementor-widget-text-editor\" data-id=\"01f4f88\" data-element_type=\"widget\" data-widget_type=\"text-editor.default\">\n\t\t\t\t<div class=\"elementor-widget-container\">\n\t\t\t<style>\/*! elementor - v3.23.0 - 15-07-2024 *\/\n.elementor-widget-text-editor.elementor-drop-cap-view-stacked .elementor-drop-cap{background-color:#69727d;color:#fff}.elementor-widget-text-editor.elementor-drop-cap-view-framed .elementor-drop-cap{color:#69727d;border:3px solid;background-color:transparent}.elementor-widget-text-editor:not(.elementor-drop-cap-view-default) .elementor-drop-cap{margin-top:8px}.elementor-widget-text-editor:not(.elementor-drop-cap-view-default) .elementor-drop-cap-letter{width:1em;height:1em}.elementor-widget-text-editor .elementor-drop-cap{float:left;text-align:center;line-height:1;font-size:50px}.elementor-widget-text-editor .elementor-drop-cap-letter{display:inline-block}<\/style>\t\t\t\t<p class=\"\" data-start=\"1456\" data-end=\"1711\">En H2O Hospitality, creemos que cada peque\u00f1o gesto cuenta. Por eso hemos creado <strong data-start=\"1584\" data-end=\"1598\">Green Stay<\/strong>, una gu\u00eda interactiva pensada para ayudarte a mantener un estilo de vida sostenible tambi\u00e9n durante tu visita a Barcelona. <\/p>\n<p class=\"\" data-start=\"1713\" data-end=\"1985\">Gracias a nuestro <strong data-start=\"1722\" data-end=\"1744\">mapa de sostenibilidad<\/strong>, podr\u00e1s localizar con facilidad <strong data-start=\"1765\" data-end=\"1805\">negocios y servicios comprometidos con el medioambiente<\/strong>, distribuidos por toda la ciudad. Desde restaurantes veganos hasta puntos de recarga para veh\u00edculos el\u00e9ctricos, esta herramienta te acompa\u00f1ar\u00e1 en tu d\u00eda a d\u00eda para que puedas disfrutar de una experiencia consciente y respetuosa con el entorno. <\/p>\n<p class=\"\" data-start=\"1987\" data-end=\"2023\">Las categor\u00edas que encontrar\u00e1s en el mapa incluyen:<\/p>\n<ul data-start=\"2025\" data-end=\"2332\">\n<li class=\"\" data-start=\"2025\" data-end=\"2052\">\n<p class=\"\" data-start=\"2027\" data-end=\"2052\">Tiendas de productos ecol\u00f3gicos<\/p>\n<\/li>\n<li class=\"\" data-start=\"2053\" data-end=\"2086\">\n<p class=\"\" data-start=\"2055\" data-end=\"2086\">Restaurantes org\u00e1nicos y veganos<\/p>\n<\/li>\n<li class=\"\" data-start=\"2087\" data-end=\"2134\">\n<p class=\"\" data-start=\"2089\" data-end=\"2134\">Puntos verdes para residuos especiales<\/p>\n<\/li>\n<li class=\"\" data-start=\"2135\" data-end=\"2173\">\n<p class=\"\" data-start=\"2137\" data-end=\"2173\">Puntos de recarga para veh\u00edculos el\u00e9ctricos<\/p>\n<\/li>\n<li class=\"\" data-start=\"2174\" data-end=\"2204\">\n<p class=\"\" data-start=\"2176\" data-end=\"2204\">Tiendas de moda sostenible<\/p>\n<\/li>\n<li class=\"\" data-start=\"2205\" data-end=\"2240\">\n<p class=\"\" data-start=\"2207\" data-end=\"2240\">Centros de belleza y peluquer\u00eda natural<\/p>\n<\/li>\n<li class=\"\" data-start=\"2241\" data-end=\"2276\">\n<p class=\"\" data-start=\"2243\" data-end=\"2276\">Cafeter\u00edas y panader\u00edas ecol\u00f3gicas<\/p>\n<\/li>\n<li class=\"\" data-start=\"2277\" data-end=\"2301\">\n<p class=\"\" data-start=\"2279\" data-end=\"2301\">Lavander\u00edas ecol\u00f3gicas<\/p>\n<\/li>\n<li class=\"\" data-start=\"2302\" data-end=\"2332\">\n<p class=\"\" data-start=\"2304\" data-end=\"2332\">Otros servicios responsables<\/p>\n<\/li>\n<\/ul>\n<p class=\"\" data-start=\"2334\" data-end=\"2534\">Con Green Stay, puedes tomar decisiones alineadas con tus valores sin renunciar a la comodidad ni al disfrute. Explora, elige y colabora activamente con una Barcelona m\u00e1s verde. <\/p>\n\t\t\t\t\t\t<\/div>\n\t\t\t\t<\/div>\n\t\t\t\t<div class=\"elementor-element elementor-element-b79f5ee elementor-widget elementor-widget-html\" data-id=\"b79f5ee\" data-element_type=\"widget\" data-widget_type=\"html.default\">\n\t\t\t\t<div class=\"elementor-widget-container\">\n\t\t\t<iframe src=\"https:\/\/www.google.com\/maps\/d\/u\/3\/embed?mid=1X7DmyFz8pROLlUI8QeoNF6AYnylkshA&amp;ehbc=2E312F&amp;noprof=1\" width=\"640\" height=\"480\"><\/iframe>\t\t<\/div>\n\t\t\t\t<\/div>\n\t\t\t\t\t<\/div>\n\t\t\t\t<\/div>\n\t\t\t\t<\/div>\n\t\t","protected":false},"excerpt":{"rendered":"<p>Cada decisi\u00f3n cuenta. \u00a1Piensa en verde! En H2O Hospitality, creemos que cada peque\u00f1o gesto cuenta. Por eso hemos creado Green Stay, una gu\u00eda interactiva pensada para<span class=\"excerpt-hellip\"> [\u2026]<\/span><\/p>\n","protected":false},"author":2,"featured_media":0,"parent":0,"menu_order":0,"comment_status":"closed","ping_status":"closed","template":"","meta":{"footnotes":""},"class_list":["post-2798","page","type-page","status-publish","hentry"],"yoast_head":"<!-- This site is optimized with the Yoast SEO plugin v25.0 - https:\/\/yoast.com\/wordpress\/plugins\/seo\/ -->\n<title>Green Stay Program | Eco-Friendly Tourism<\/title>\n<meta name=\"description\" content=\"Descubre servicios y socios sostenibles cerca de tu estancia en Barcelona. Green Stay de H2O te ayuda a viajar de forma responsable.\" \/>\n<meta name=\"robots\" content=\"index, follow, max-snippet:-1, max-image-preview:large, max-video-preview:-1\" \/>\n<link rel=\"canonical\" href=\"https:\/\/www.h2o-hospitality.com\/es\/green-stay-barcelona\/\" \/>\n<meta property=\"og:locale\" content=\"es_ES\" \/>\n<meta property=\"og:type\" content=\"article\" \/>\n<meta property=\"og:title\" content=\"Green Stay Program | Eco-Friendly Tourism\" \/>\n<meta property=\"og:description\" content=\"Descubre servicios y socios sostenibles cerca de tu estancia en Barcelona. Green Stay de H2O te ayuda a viajar de forma responsable.\" \/>\n<meta property=\"og:url\" content=\"https:\/\/www.h2o-hospitality.com\/es\/green-stay-barcelona\/\" \/>\n<meta property=\"og:site_name\" content=\"H2O Hospitality\" \/>\n<meta property=\"article:modified_time\" content=\"2025-06-12T15:17:15+00:00\" \/>\n<meta name=\"twitter:card\" content=\"summary_large_image\" \/>\n<meta name=\"twitter:label1\" content=\"Tiempo de lectura\" \/>\n\t<meta name=\"twitter:data1\" content=\"1 minuto\" \/>\n<script type=\"application\/ld+json\" class=\"yoast-schema-graph\">{\"@context\":\"https:\/\/schema.org\",\"@graph\":[{\"@type\":\"WebPage\",\"@id\":\"https:\/\/www.h2o-hospitality.com\/es\/green-stay-barcelona\/\",\"url\":\"https:\/\/www.h2o-hospitality.com\/es\/green-stay-barcelona\/\",\"name\":\"Green Stay Program | Eco-Friendly Tourism\",\"isPartOf\":{\"@id\":\"https:\/\/www.h2o-hospitality.com\/#website\"},\"datePublished\":\"2025-05-05T14:57:53+00:00\",\"dateModified\":\"2025-06-12T15:17:15+00:00\",\"description\":\"Descubre servicios y socios sostenibles cerca de tu estancia en Barcelona. Green Stay de H2O te ayuda a viajar de forma responsable.\",\"breadcrumb\":{\"@id\":\"https:\/\/www.h2o-hospitality.com\/es\/green-stay-barcelona\/#breadcrumb\"},\"inLanguage\":\"es\",\"potentialAction\":[{\"@type\":\"ReadAction\",\"target\":[\"https:\/\/www.h2o-hospitality.com\/es\/green-stay-barcelona\/\"]}]},{\"@type\":\"BreadcrumbList\",\"@id\":\"https:\/\/www.h2o-hospitality.com\/es\/green-stay-barcelona\/#breadcrumb\",\"itemListElement\":[{\"@type\":\"ListItem\",\"position\":1,\"name\":\"Home\",\"item\":\"https:\/\/www.h2o-hospitality.com\/es\/\"},{\"@type\":\"ListItem\",\"position\":2,\"name\":\"Green Stay Barcelona\"}]},{\"@type\":\"WebSite\",\"@id\":\"https:\/\/www.h2o-hospitality.com\/#website\",\"url\":\"https:\/\/www.h2o-hospitality.com\/\",\"name\":\"H2O Hospitality\",\"description\":\"Group Travel Done Right\",\"publisher\":{\"@id\":\"https:\/\/www.h2o-hospitality.com\/#organization\"},\"potentialAction\":[{\"@type\":\"SearchAction\",\"target\":{\"@type\":\"EntryPoint\",\"urlTemplate\":\"https:\/\/www.h2o-hospitality.com\/?s={search_term_string}\"},\"query-input\":{\"@type\":\"PropertyValueSpecification\",\"valueRequired\":true,\"valueName\":\"search_term_string\"}}],\"inLanguage\":\"es\"},{\"@type\":\"Organization\",\"@id\":\"https:\/\/www.h2o-hospitality.com\/#organization\",\"name\":\"H2O Hospitality\",\"url\":\"https:\/\/www.h2o-hospitality.com\/\",\"logo\":{\"@type\":\"ImageObject\",\"inLanguage\":\"es\",\"@id\":\"https:\/\/www.h2o-hospitality.com\/#\/schema\/logo\/image\/\",\"url\":\"https:\/\/www.h2o-hospitality.com\/wp-content\/uploads\/2024\/06\/cropped-H20_logo.png\",\"contentUrl\":\"https:\/\/www.h2o-hospitality.com\/wp-content\/uploads\/2024\/06\/cropped-H20_logo.png\",\"width\":391,\"height\":166,\"caption\":\"H2O Hospitality\"},\"image\":{\"@id\":\"https:\/\/www.h2o-hospitality.com\/#\/schema\/logo\/image\/\"}}]}<\/script>\n<!-- \/ Yoast SEO plugin. -->","yoast_head_json":{"title":"Green Stay Program | Eco-Friendly Tourism","description":"Descubre servicios y socios sostenibles cerca de tu estancia en Barcelona. Green Stay de H2O te ayuda a viajar de forma responsable.","robots":{"index":"index","follow":"follow","max-snippet":"max-snippet:-1","max-image-preview":"max-image-preview:large","max-video-preview":"max-video-preview:-1"},"canonical":"https:\/\/www.h2o-hospitality.com\/es\/green-stay-barcelona\/","og_locale":"es_ES","og_type":"article","og_title":"Green Stay Program | Eco-Friendly Tourism","og_description":"Descubre servicios y socios sostenibles cerca de tu estancia en Barcelona. Green Stay de H2O te ayuda a viajar de forma responsable.","og_url":"https:\/\/www.h2o-hospitality.com\/es\/green-stay-barcelona\/","og_site_name":"H2O Hospitality","article_modified_time":"2025-06-12T15:17:15+00:00","twitter_card":"summary_large_image","twitter_misc":{"Tiempo de lectura":"1 minuto"},"schema":{"@context":"https:\/\/schema.org","@graph":[{"@type":"WebPage","@id":"https:\/\/www.h2o-hospitality.com\/es\/green-stay-barcelona\/","url":"https:\/\/www.h2o-hospitality.com\/es\/green-stay-barcelona\/","name":"Green Stay Program | Eco-Friendly Tourism","isPartOf":{"@id":"https:\/\/www.h2o-hospitality.com\/#website"},"datePublished":"2025-05-05T14:57:53+00:00","dateModified":"2025-06-12T15:17:15+00:00","description":"Descubre servicios y socios sostenibles cerca de tu estancia en Barcelona. Green Stay de H2O te ayuda a viajar de forma responsable.","breadcrumb":{"@id":"https:\/\/www.h2o-hospitality.com\/es\/green-stay-barcelona\/#breadcrumb"},"inLanguage":"es","potentialAction":[{"@type":"ReadAction","target":["https:\/\/www.h2o-hospitality.com\/es\/green-stay-barcelona\/"]}]},{"@type":"BreadcrumbList","@id":"https:\/\/www.h2o-hospitality.com\/es\/green-stay-barcelona\/#breadcrumb","itemListElement":[{"@type":"ListItem","position":1,"name":"Home","item":"https:\/\/www.h2o-hospitality.com\/es\/"},{"@type":"ListItem","position":2,"name":"Green Stay Barcelona"}]},{"@type":"WebSite","@id":"https:\/\/www.h2o-hospitality.com\/#website","url":"https:\/\/www.h2o-hospitality.com\/","name":"H2O Hospitality","description":"Group Travel Done Right","publisher":{"@id":"https:\/\/www.h2o-hospitality.com\/#organization"},"potentialAction":[{"@type":"SearchAction","target":{"@type":"EntryPoint","urlTemplate":"https:\/\/www.h2o-hospitality.com\/?s={search_term_string}"},"query-input":{"@type":"PropertyValueSpecification","valueRequired":true,"valueName":"search_term_string"}}],"inLanguage":"es"},{"@type":"Organization","@id":"https:\/\/www.h2o-hospitality.com\/#organization","name":"H2O Hospitality","url":"https:\/\/www.h2o-hospitality.com\/","logo":{"@type":"ImageObject","inLanguage":"es","@id":"https:\/\/www.h2o-hospitality.com\/#\/schema\/logo\/image\/","url":"https:\/\/www.h2o-hospitality.com\/wp-content\/uploads\/2024\/06\/cropped-H20_logo.png","contentUrl":"https:\/\/www.h2o-hospitality.com\/wp-content\/uploads\/2024\/06\/cropped-H20_logo.png","width":391,"height":166,"caption":"H2O Hospitality"},"image":{"@id":"https:\/\/www.h2o-hospitality.com\/#\/schema\/logo\/image\/"}}]}},"_links":{"self":[{"href":"https:\/\/www.h2o-hospitality.com\/es\/wp-json\/wp\/v2\/pages\/2798","targetHints":{"allow":["GET"]}}],"collection":[{"href":"https:\/\/www.h2o-hospitality.com\/es\/wp-json\/wp\/v2\/pages"}],"about":[{"href":"https:\/\/www.h2o-hospitality.com\/es\/wp-json\/wp\/v2\/types\/page"}],"author":[{"embeddable":true,"href":"https:\/\/www.h2o-hospitality.com\/es\/wp-json\/wp\/v2\/users\/2"}],"replies":[{"embeddable":true,"href":"https:\/\/www.h2o-hospitality.com\/es\/wp-json\/wp\/v2\/comments?post=2798"}],"version-history":[{"count":4,"href":"https:\/\/www.h2o-hospitality.com\/es\/wp-json\/wp\/v2\/pages\/2798\/revisions"}],"predecessor-version":[{"id":2888,"href":"https:\/\/www.h2o-hospitality.com\/es\/wp-json\/wp\/v2\/pages\/2798\/revisions\/2888"}],"wp:attachment":[{"href":"https:\/\/www.h2o-hospitality.com\/es\/wp-json\/wp\/v2\/media?parent=2798"}],"curies":[{"name":"wp","href":"https:\/\/api.w.org\/{rel}","templated":true}]}}